{"id":9002,"date":"2024-05-25T11:55:20","date_gmt":"2024-05-25T10:55:20","guid":{"rendered":"https:\/\/www.decoforcurious.com\/?post_type=product&#038;p=9002"},"modified":"2024-09-25T12:03:48","modified_gmt":"2024-09-25T11:03:48","slug":"carpa-bust-by-the-artist-carmen-roncero-copia","status":"publish","type":"product","link":"https:\/\/www.decoforcurious.com\/en\/producto\/carpa-bust-by-the-artist-carmen-roncero-copia\/","title":{"rendered":"Carpa Bust by the Artist Carmen Roncero"},"content":{"rendered":"<p class=\"text-body font-regular leading-[24px] pt-[9px] pb-[2px]\" dir=\"ltr\">This bust is not merely a decorative object; it is a statement of style and a celebration of artistic individuality. Beyond its physical dimensions, every curve and colour reflects the vision and talent of its creator. Moreover, being a handmade piece, each detail is unique and irreplaceable, adding even greater value.<\/p>\n<p class=\"text-body font-regular leading-[24px] pt-[9px] pb-[2px]\" dir=\"ltr\">The figure of the woman in a swimming cap symbolizes female strength and determination. It invites us to explore the power and beauty of femininity in all its forms. Whether to adorn your living room, your study, or even your bathroom, this bust will always serve as an inspiring reminder of the vital role women play in our society.<\/p>\n<p class=\"text-body font-regular leading-[24px] pt-[9px] pb-[2px]\" dir=\"ltr\">Don&#8217;t miss the opportunity to have this unique piece in your home or office.<\/p>\n<p class=\"text-body font-regular leading-[24px] pt-[9px] pb-[2px]\" dir=\"ltr\"><b><strong class=\"font-bold\">More information about the artist<\/strong><\/b>:<\/p>\n<ul class=\"pt-[9px] pb-[2px] pl-[24px] list-disc [&amp;_ul]:pt-[5px] pt-[5px]\">\n<li class=\"text-body font-regular leading-[24px] my-[5px] [&amp;&gt;ol]:!pt-0 [&amp;&gt;ol]:!pb-0 [&amp;&gt;ul]:!pt-0 [&amp;&gt;ul]:!pb-0\" value=\"1\"><a class=\"text-indigo-700 underline underline-offset-4\" href=\"https:\/\/www.decoforcurious.com\/en\/2023\/03\/22\/face-to-face-with-art-hand-painted-wall-plates\/\">Face to face with Carmen Roncero<\/a><\/li>\n<li class=\"text-body font-regular leading-[24px] my-[5px] [&amp;&gt;ol]:!pt-0 [&amp;&gt;ol]:!pb-0 [&amp;&gt;ul]:!pt-0 [&amp;&gt;ul]:!pb-0\" value=\"1\"><a class=\"text-indigo-700 underline underline-offset-4\" href=\"https:\/\/www.decoforcurious.com\/en\/2023\/01\/23\/gallery_wall_en\/\">Ideas for decorating your walls with plates<\/a><\/li>\n<\/ul>\n","protected":false},"excerpt":{"rendered":"<p>Carpa Bust is an exceptional piece representing a woman in a swimming cap, handcrafted by the artist Carmen Roncero. With a height of 40 cm and a weight of 4.8 kg, each bust is unique and reflects the skill and passion of its creator. More than just a decorative object, this bust is a celebration of artistic individuality, evoking emotions and curiosity in every detail.<\/p>\n<p>&nbsp;<\/p>\n<p><strong><u>Characteristics:<\/u><\/strong><\/p>\n<p><strong>Height 40cms<\/strong><\/p>\n<p><strong>Width 19cms<\/strong><\/p>\n<p><strong>Weight 4,800kgs<\/strong><\/p>\n","protected":false},"featured_media":9012,"comment_status":"closed","ping_status":"closed","template":"","meta":[],"product_cat":[162,176],"product_tag":[],"class_list":{"0":"post-9002","1":"product","2":"type-product","3":"status-publish","4":"has-post-thumbnail","6":"product_cat-art","7":"product_cat-oil-painting-artwork","9":"first","10":"instock","11":"sold-individually","12":"purchasable","13":"product-type-simple"},"yoast_head":"<!-- This site is optimized with the Yoast SEO plugin v22.0 - https:\/\/yoast.com\/wordpress\/plugins\/seo\/ -->\n<title>Carpa Bust by the Artist Carmen Roncero - Deco for Curious: antig\u00fcedades y muebles vintage<\/title>\n<meta name=\"description\" content=\"Carpa bust of Carmen Roncero, a unique and handcrafted piece that is part of the exclusive collection from Decoforcurious.com.\" \/>\n<meta name=\"robots\" content=\"index, follow, max-snippet:-1, max-image-preview:large, max-video-preview:-1\" \/>\n<link rel=\"canonical\" href=\"https:\/\/www.decoforcurious.com\/en\/producto\/carpa-bust-by-the-artist-carmen-roncero-copia\/\" \/>\n<meta property=\"og:locale\" content=\"en_US\" \/>\n<meta property=\"og:type\" content=\"article\" \/>\n<meta property=\"og:title\" content=\"Carpa Bust by the Artist Carmen Roncero - Deco for Curious: antig\u00fcedades y muebles vintage\" \/>\n<meta property=\"og:description\" content=\"Carpa bust of Carmen Roncero, a unique and handcrafted piece that is part of the exclusive collection from Decoforcurious.com.\" \/>\n<meta property=\"og:url\" content=\"https:\/\/www.decoforcurious.com\/en\/producto\/carpa-bust-by-the-artist-carmen-roncero-copia\/\" \/>\n<meta property=\"og:site_name\" content=\"Deco for Curious: antig\u00fcedades y muebles vintage\" \/>\n<meta property=\"article:modified_time\" content=\"2024-09-25T11:03:48+00:00\" \/>\n<meta property=\"og:image\" content=\"https:\/\/www.decoforcurious.com\/wp-content\/uploads\/2024\/09\/Carpa-6-859x1030.jpg\" \/>\n\t<meta property=\"og:image:width\" content=\"859\" \/>\n\t<meta property=\"og:image:height\" content=\"1030\" \/>\n\t<meta property=\"og:image:type\" content=\"image\/jpeg\" \/>\n<meta name=\"twitter:card\" content=\"summary_large_image\" \/>\n<meta name=\"twitter:label1\" content=\"Est. reading time\" \/>\n\t<meta name=\"twitter:data1\" content=\"1 minute\" \/>\n<script type=\"application\/ld+json\" class=\"yoast-schema-graph\">{\"@context\":\"https:\/\/schema.org\",\"@graph\":[{\"@type\":\"WebPage\",\"@id\":\"https:\/\/www.decoforcurious.com\/en\/producto\/carpa-bust-by-the-artist-carmen-roncero-copia\/\",\"url\":\"https:\/\/www.decoforcurious.com\/en\/producto\/carpa-bust-by-the-artist-carmen-roncero-copia\/\",\"name\":\"Carpa Bust by the Artist Carmen Roncero - Deco for Curious: antig\u00fcedades y muebles vintage\",\"isPartOf\":{\"@id\":\"https:\/\/www.decoforcurious.com\/en\/#website\"},\"datePublished\":\"2024-05-25T10:55:20+00:00\",\"dateModified\":\"2024-09-25T11:03:48+00:00\",\"description\":\"Carpa bust of Carmen Roncero, a unique and handcrafted piece that is part of the exclusive collection from Decoforcurious.com.\",\"breadcrumb\":{\"@id\":\"https:\/\/www.decoforcurious.com\/en\/producto\/carpa-bust-by-the-artist-carmen-roncero-copia\/#breadcrumb\"},\"inLanguage\":\"en-US\",\"potentialAction\":[{\"@type\":\"ReadAction\",\"target\":[\"https:\/\/www.decoforcurious.com\/en\/producto\/carpa-bust-by-the-artist-carmen-roncero-copia\/\"]}]},{\"@type\":\"BreadcrumbList\",\"@id\":\"https:\/\/www.decoforcurious.com\/en\/producto\/carpa-bust-by-the-artist-carmen-roncero-copia\/#breadcrumb\",\"itemListElement\":[{\"@type\":\"ListItem\",\"position\":1,\"name\":\"Portada\",\"item\":\"https:\/\/www.decoforcurious.com\/en\/deco-for-curious-antiques-and-vintage-furniture\/\"},{\"@type\":\"ListItem\",\"position\":2,\"name\":\"Shop\",\"item\":\"https:\/\/www.decoforcurious.com\/en\/shop\/\"},{\"@type\":\"ListItem\",\"position\":3,\"name\":\"Carpa Bust by the Artist Carmen Roncero\"}]},{\"@type\":\"WebSite\",\"@id\":\"https:\/\/www.decoforcurious.com\/en\/#website\",\"url\":\"https:\/\/www.decoforcurious.com\/en\/\",\"name\":\"Deco for Curious: antig\u00fcedades y muebles vintage\",\"description\":\"En Deco for Curious ofrecemos las mejores antig\u00fcedades, piezas vintage y arte. Cont\u00e1ctanos sin compromiso: barbara@decoforcurious.com\",\"publisher\":{\"@id\":\"https:\/\/www.decoforcurious.com\/en\/#organization\"},\"potentialAction\":[{\"@type\":\"SearchAction\",\"target\":{\"@type\":\"EntryPoint\",\"urlTemplate\":\"https:\/\/www.decoforcurious.com\/en\/?s={search_term_string}\"},\"query-input\":\"required name=search_term_string\"}],\"inLanguage\":\"en-US\"},{\"@type\":\"Organization\",\"@id\":\"https:\/\/www.decoforcurious.com\/en\/#organization\",\"name\":\"Deco for Curious: antig\u00fcedades y muebles vintage\",\"url\":\"https:\/\/www.decoforcurious.com\/en\/\",\"logo\":{\"@type\":\"ImageObject\",\"inLanguage\":\"en-US\",\"@id\":\"https:\/\/www.decoforcurious.com\/en\/#\/schema\/logo\/image\/\",\"url\":\"https:\/\/www.decoforcurious.com\/wp-content\/uploads\/2024\/02\/icono-menu.png\",\"contentUrl\":\"https:\/\/www.decoforcurious.com\/wp-content\/uploads\/2024\/02\/icono-menu.png\",\"width\":16,\"height\":53,\"caption\":\"Deco for Curious: antig\u00fcedades y muebles vintage\"},\"image\":{\"@id\":\"https:\/\/www.decoforcurious.com\/en\/#\/schema\/logo\/image\/\"},\"sameAs\":[\"https:\/\/www.instagram.com\/deco_for_curious\/\"]}]}<\/script>\n<!-- \/ Yoast SEO plugin. -->","yoast_head_json":{"title":"Carpa Bust by the Artist Carmen Roncero - Deco for Curious: antig\u00fcedades y muebles vintage","description":"Carpa bust of Carmen Roncero, a unique and handcrafted piece that is part of the exclusive collection from Decoforcurious.com.","robots":{"index":"index","follow":"follow","max-snippet":"max-snippet:-1","max-image-preview":"max-image-preview:large","max-video-preview":"max-video-preview:-1"},"canonical":"https:\/\/www.decoforcurious.com\/en\/producto\/carpa-bust-by-the-artist-carmen-roncero-copia\/","og_locale":"en_US","og_type":"article","og_title":"Carpa Bust by the Artist Carmen Roncero - Deco for Curious: antig\u00fcedades y muebles vintage","og_description":"Carpa bust of Carmen Roncero, a unique and handcrafted piece that is part of the exclusive collection from Decoforcurious.com.","og_url":"https:\/\/www.decoforcurious.com\/en\/producto\/carpa-bust-by-the-artist-carmen-roncero-copia\/","og_site_name":"Deco for Curious: antig\u00fcedades y muebles vintage","article_modified_time":"2024-09-25T11:03:48+00:00","og_image":[{"width":859,"height":1030,"url":"https:\/\/www.decoforcurious.com\/wp-content\/uploads\/2024\/09\/Carpa-6-859x1030.jpg","type":"image\/jpeg"}],"twitter_card":"summary_large_image","twitter_misc":{"Est. reading time":"1 minute"},"schema":{"@context":"https:\/\/schema.org","@graph":[{"@type":"WebPage","@id":"https:\/\/www.decoforcurious.com\/en\/producto\/carpa-bust-by-the-artist-carmen-roncero-copia\/","url":"https:\/\/www.decoforcurious.com\/en\/producto\/carpa-bust-by-the-artist-carmen-roncero-copia\/","name":"Carpa Bust by the Artist Carmen Roncero - Deco for Curious: antig\u00fcedades y muebles vintage","isPartOf":{"@id":"https:\/\/www.decoforcurious.com\/en\/#website"},"datePublished":"2024-05-25T10:55:20+00:00","dateModified":"2024-09-25T11:03:48+00:00","description":"Carpa bust of Carmen Roncero, a unique and handcrafted piece that is part of the exclusive collection from Decoforcurious.com.","breadcrumb":{"@id":"https:\/\/www.decoforcurious.com\/en\/producto\/carpa-bust-by-the-artist-carmen-roncero-copia\/#breadcrumb"},"inLanguage":"en-US","potentialAction":[{"@type":"ReadAction","target":["https:\/\/www.decoforcurious.com\/en\/producto\/carpa-bust-by-the-artist-carmen-roncero-copia\/"]}]},{"@type":"BreadcrumbList","@id":"https:\/\/www.decoforcurious.com\/en\/producto\/carpa-bust-by-the-artist-carmen-roncero-copia\/#breadcrumb","itemListElement":[{"@type":"ListItem","position":1,"name":"Portada","item":"https:\/\/www.decoforcurious.com\/en\/deco-for-curious-antiques-and-vintage-furniture\/"},{"@type":"ListItem","position":2,"name":"Shop","item":"https:\/\/www.decoforcurious.com\/en\/shop\/"},{"@type":"ListItem","position":3,"name":"Carpa Bust by the Artist Carmen Roncero"}]},{"@type":"WebSite","@id":"https:\/\/www.decoforcurious.com\/en\/#website","url":"https:\/\/www.decoforcurious.com\/en\/","name":"Deco for Curious: antig\u00fcedades y muebles vintage","description":"En Deco for Curious ofrecemos las mejores antig\u00fcedades, piezas vintage y arte. Cont\u00e1ctanos sin compromiso: barbara@decoforcurious.com","publisher":{"@id":"https:\/\/www.decoforcurious.com\/en\/#organization"},"potentialAction":[{"@type":"SearchAction","target":{"@type":"EntryPoint","urlTemplate":"https:\/\/www.decoforcurious.com\/en\/?s={search_term_string}"},"query-input":"required name=search_term_string"}],"inLanguage":"en-US"},{"@type":"Organization","@id":"https:\/\/www.decoforcurious.com\/en\/#organization","name":"Deco for Curious: antig\u00fcedades y muebles vintage","url":"https:\/\/www.decoforcurious.com\/en\/","logo":{"@type":"ImageObject","inLanguage":"en-US","@id":"https:\/\/www.decoforcurious.com\/en\/#\/schema\/logo\/image\/","url":"https:\/\/www.decoforcurious.com\/wp-content\/uploads\/2024\/02\/icono-menu.png","contentUrl":"https:\/\/www.decoforcurious.com\/wp-content\/uploads\/2024\/02\/icono-menu.png","width":16,"height":53,"caption":"Deco for Curious: antig\u00fcedades y muebles vintage"},"image":{"@id":"https:\/\/www.decoforcurious.com\/en\/#\/schema\/logo\/image\/"},"sameAs":["https:\/\/www.instagram.com\/deco_for_curious\/"]}]}},"_links":{"self":[{"href":"https:\/\/www.decoforcurious.com\/en\/wp-json\/wp\/v2\/product\/9002","targetHints":{"allow":["GET"]}}],"collection":[{"href":"https:\/\/www.decoforcurious.com\/en\/wp-json\/wp\/v2\/product"}],"about":[{"href":"https:\/\/www.decoforcurious.com\/en\/wp-json\/wp\/v2\/types\/product"}],"replies":[{"embeddable":true,"href":"https:\/\/www.decoforcurious.com\/en\/wp-json\/wp\/v2\/comments?post=9002"}],"wp:featuredmedia":[{"embeddable":true,"href":"https:\/\/www.decoforcurious.com\/en\/wp-json\/wp\/v2\/media\/9012"}],"wp:attachment":[{"href":"https:\/\/www.decoforcurious.com\/en\/wp-json\/wp\/v2\/media?parent=9002"}],"wp:term":[{"taxonomy":"product_cat","embeddable":true,"href":"https:\/\/www.decoforcurious.com\/en\/wp-json\/wp\/v2\/product_cat?post=9002"},{"taxonomy":"product_tag","embeddable":true,"href":"https:\/\/www.decoforcurious.com\/en\/wp-json\/wp\/v2\/product_tag?post=9002"}],"curies":[{"name":"wp","href":"https:\/\/api.w.org\/{rel}","templated":true}]}}