{"id":8975,"date":"2024-01-24T14:20:09","date_gmt":"2024-01-24T13:20:09","guid":{"rendered":"https:\/\/www.decoforcurious.com\/?post_type=product&#038;p=8975"},"modified":"2024-09-24T15:27:01","modified_gmt":"2024-09-24T14:27:01","slug":"antique-moroccan-chest","status":"publish","type":"product","link":"https:\/\/www.decoforcurious.com\/en\/producto\/antique-moroccan-chest\/","title":{"rendered":"Antique Moroccan Chest"},"content":{"rendered":"<p class=\"text-body font-regular leading-[24px] pt-[9px] pb-[2px]\" dir=\"ltr\">Imagine having a unique piece in your home that not only holds your most treasured belongings but also tells a rich and vibrant story. Hand-painted with intricate motifs and vivid colours, every inch of this chest reflects the cultural heritage and artisanal craftsmanship of the 1940s in Taroudant, Morocco.<\/p>\n<h3 class=\"font-bold text-h4 leading-[30px] pt-[15px] pb-[2px] [&amp;_a]:underline-offset-[6px] [&amp;_.underline]:underline-offset-[6px]\" dir=\"ltr\">Details that Delight<\/h3>\n<ul class=\"pt-[9px] pb-[2px] pl-[24px] list-disc [&amp;_ul]:pt-[5px] pt-[5px]\">\n<li class=\"text-body font-regular leading-[24px] my-[5px] [&amp;&gt;ol]:!pt-0 [&amp;&gt;ol]:!pb-0 [&amp;&gt;ul]:!pt-0 [&amp;&gt;ul]:!pb-0\" value=\"1\">With a length of 132 cm, a width and depth of 35 cm, and a height of 67 cm, this chest is spacious enough to store treasures while serving as an impressive decorative piece.<\/li>\n<li class=\"text-body font-regular leading-[24px] my-[5px] [&amp;&gt;ol]:!pt-0 [&amp;&gt;ol]:!pb-0 [&amp;&gt;ul]:!pt-0 [&amp;&gt;ul]:!pb-0\" value=\"2\">The intricate designs and vibrant colours are not only aesthetically pleasing but also tell stories of bygone eras, bringing a piece of Morocco into your home.<\/li>\n<li class=\"text-body font-regular leading-[24px] my-[5px] [&amp;&gt;ol]:!pt-0 [&amp;&gt;ol]:!pb-0 [&amp;&gt;ul]:!pt-0 [&amp;&gt;ul]:!pb-0\" value=\"3\">The choice of pine wood ensures durability and strength, while its multicoloured finish adds a touch of elegance and sophistication.<\/li>\n<\/ul>\n<h3 class=\"font-bold text-h4 leading-[30px] pt-[15px] pb-[2px] [&amp;_a]:underline-offset-[6px] [&amp;_.underline]:underline-offset-[6px]\" dir=\"ltr\">More than Just a Box<\/h3>\n<p class=\"text-body font-regular leading-[24px] pt-[9px] pb-[2px]\" dir=\"ltr\">This chest is not just a storage solution; it is a statement of style and a tribute to the rich tradition of craftsmanship. Each time you touch it, you will feel the passion and care that went into it<\/p>\n\n\t\t<style type=\"text\/css\">\n\t\t\t#gallery-1 {\n\t\t\t\tmargin: auto;\n\t\t\t}\n\t\t\t#gallery-1 .gallery-item {\n\t\t\t\tfloat: left;\n\t\t\t\tmargin-top: 10px;\n\t\t\t\ttext-align: center;\n\t\t\t\twidth: 33%;\n\t\t\t}\n\t\t\t#gallery-1 img {\n\t\t\t\tborder: 2px solid #cfcfcf;\n\t\t\t}\n\t\t\t#gallery-1 .gallery-caption {\n\t\t\t\tmargin-left: 0;\n\t\t\t}\n\t\t\t\/* see gallery_shortcode() in wp-includes\/media.php *\/\n\t\t<\/style>\n\t\t<div id='gallery-1' class='gallery galleryid-8975 gallery-columns-3 gallery-size-thumbnail'><dl class='gallery-item'>\n\t\t\t<dt class='gallery-icon portrait'>\n\t\t\t\t<a href='https:\/\/www.decoforcurious.com\/en\/?attachment_id=8965'><img loading=\"lazy\" decoding=\"async\" width=\"80\" height=\"80\" src=\"https:\/\/www.decoforcurious.com\/wp-content\/uploads\/2024\/09\/IMG_28D8A2D48A21-8-80x80.jpeg\" class=\"attachment-thumbnail size-thumbnail\" alt=\"Cofre Antiguo Marroqu\u00ed\" aria-describedby=\"gallery-1-8965\" srcset=\"https:\/\/www.decoforcurious.com\/wp-content\/uploads\/2024\/09\/IMG_28D8A2D48A21-8-80x80.jpeg 80w, https:\/\/www.decoforcurious.com\/wp-content\/uploads\/2024\/09\/IMG_28D8A2D48A21-8-120x120.jpeg 120w, https:\/\/www.decoforcurious.com\/wp-content\/uploads\/2024\/09\/IMG_28D8A2D48A21-8-408x404.jpeg 408w, https:\/\/www.decoforcurious.com\/wp-content\/uploads\/2024\/09\/IMG_28D8A2D48A21-8-36x36.jpeg 36w, https:\/\/www.decoforcurious.com\/wp-content\/uploads\/2024\/09\/IMG_28D8A2D48A21-8-180x180.jpeg 180w, https:\/\/www.decoforcurious.com\/wp-content\/uploads\/2024\/09\/IMG_28D8A2D48A21-8-450x450.jpeg 450w, https:\/\/www.decoforcurious.com\/wp-content\/uploads\/2024\/09\/IMG_28D8A2D48A21-8-406x406.jpeg 406w, https:\/\/www.decoforcurious.com\/wp-content\/uploads\/2024\/09\/IMG_28D8A2D48A21-8-100x100.jpeg 100w, https:\/\/www.decoforcurious.com\/wp-content\/uploads\/2024\/09\/IMG_28D8A2D48A21-8-170x170.jpeg 170w\" sizes=\"auto, (max-width: 80px) 100vw, 80px\" \/><\/a>\n\t\t\t<\/dt>\n\t\t\t\t<dd class='wp-caption-text gallery-caption' id='gallery-1-8965'>\n\t\t\t\t@deco_for_curious\n\t\t\t\t<\/dd><\/dl><dl class='gallery-item'>\n\t\t\t<dt class='gallery-icon portrait'>\n\t\t\t\t<a href='https:\/\/www.decoforcurious.com\/en\/?attachment_id=8967'><img loading=\"lazy\" decoding=\"async\" width=\"80\" height=\"80\" src=\"https:\/\/www.decoforcurious.com\/wp-content\/uploads\/2024\/09\/IMG_28D8A2D48A21-1-80x80.jpeg\" class=\"attachment-thumbnail size-thumbnail\" alt=\"\" aria-describedby=\"gallery-1-8967\" srcset=\"https:\/\/www.decoforcurious.com\/wp-content\/uploads\/2024\/09\/IMG_28D8A2D48A21-1-80x80.jpeg 80w, https:\/\/www.decoforcurious.com\/wp-content\/uploads\/2024\/09\/IMG_28D8A2D48A21-1-120x120.jpeg 120w, https:\/\/www.decoforcurious.com\/wp-content\/uploads\/2024\/09\/IMG_28D8A2D48A21-1-408x404.jpeg 408w, https:\/\/www.decoforcurious.com\/wp-content\/uploads\/2024\/09\/IMG_28D8A2D48A21-1-36x36.jpeg 36w, https:\/\/www.decoforcurious.com\/wp-content\/uploads\/2024\/09\/IMG_28D8A2D48A21-1-180x180.jpeg 180w, https:\/\/www.decoforcurious.com\/wp-content\/uploads\/2024\/09\/IMG_28D8A2D48A21-1-450x450.jpeg 450w, https:\/\/www.decoforcurious.com\/wp-content\/uploads\/2024\/09\/IMG_28D8A2D48A21-1-406x406.jpeg 406w, https:\/\/www.decoforcurious.com\/wp-content\/uploads\/2024\/09\/IMG_28D8A2D48A21-1-100x100.jpeg 100w, https:\/\/www.decoforcurious.com\/wp-content\/uploads\/2024\/09\/IMG_28D8A2D48A21-1-170x170.jpeg 170w\" sizes=\"auto, (max-width: 80px) 100vw, 80px\" \/><\/a>\n\t\t\t<\/dt>\n\t\t\t\t<dd class='wp-caption-text gallery-caption' id='gallery-1-8967'>\n\t\t\t\t@deco_for_curious\n\t\t\t\t<\/dd><\/dl><dl class='gallery-item'>\n\t\t\t<dt class='gallery-icon portrait'>\n\t\t\t\t<a href='https:\/\/www.decoforcurious.com\/en\/?attachment_id=8971'><img loading=\"lazy\" decoding=\"async\" width=\"80\" height=\"80\" src=\"https:\/\/www.decoforcurious.com\/wp-content\/uploads\/2024\/09\/IMG_28D8A2D48A21-4-80x80.jpeg\" class=\"attachment-thumbnail size-thumbnail\" alt=\"\" aria-describedby=\"gallery-1-8971\" srcset=\"https:\/\/www.decoforcurious.com\/wp-content\/uploads\/2024\/09\/IMG_28D8A2D48A21-4-80x80.jpeg 80w, https:\/\/www.decoforcurious.com\/wp-content\/uploads\/2024\/09\/IMG_28D8A2D48A21-4-120x120.jpeg 120w, https:\/\/www.decoforcurious.com\/wp-content\/uploads\/2024\/09\/IMG_28D8A2D48A21-4-408x404.jpeg 408w, https:\/\/www.decoforcurious.com\/wp-content\/uploads\/2024\/09\/IMG_28D8A2D48A21-4-36x36.jpeg 36w, https:\/\/www.decoforcurious.com\/wp-content\/uploads\/2024\/09\/IMG_28D8A2D48A21-4-180x180.jpeg 180w, https:\/\/www.decoforcurious.com\/wp-content\/uploads\/2024\/09\/IMG_28D8A2D48A21-4-450x450.jpeg 450w, https:\/\/www.decoforcurious.com\/wp-content\/uploads\/2024\/09\/IMG_28D8A2D48A21-4-406x406.jpeg 406w, https:\/\/www.decoforcurious.com\/wp-content\/uploads\/2024\/09\/IMG_28D8A2D48A21-4-100x100.jpeg 100w, https:\/\/www.decoforcurious.com\/wp-content\/uploads\/2024\/09\/IMG_28D8A2D48A21-4-170x170.jpeg 170w\" sizes=\"auto, (max-width: 80px) 100vw, 80px\" \/><\/a>\n\t\t\t<\/dt>\n\t\t\t\t<dd class='wp-caption-text gallery-caption' id='gallery-1-8971'>\n\t\t\t\t@deco_for_curious\n\t\t\t\t<\/dd><\/dl><br style=\"clear: both\" \/><dl class='gallery-item'>\n\t\t\t<dt class='gallery-icon portrait'>\n\t\t\t\t<a href='https:\/\/www.decoforcurious.com\/en\/?attachment_id=8973'><img loading=\"lazy\" decoding=\"async\" width=\"80\" height=\"80\" src=\"https:\/\/www.decoforcurious.com\/wp-content\/uploads\/2024\/09\/IMG_28D8A2D48A21-7-80x80.jpeg\" class=\"attachment-thumbnail size-thumbnail\" alt=\"\" aria-describedby=\"gallery-1-8973\" srcset=\"https:\/\/www.decoforcurious.com\/wp-content\/uploads\/2024\/09\/IMG_28D8A2D48A21-7-80x80.jpeg 80w, https:\/\/www.decoforcurious.com\/wp-content\/uploads\/2024\/09\/IMG_28D8A2D48A21-7-120x120.jpeg 120w, https:\/\/www.decoforcurious.com\/wp-content\/uploads\/2024\/09\/IMG_28D8A2D48A21-7-408x404.jpeg 408w, https:\/\/www.decoforcurious.com\/wp-content\/uploads\/2024\/09\/IMG_28D8A2D48A21-7-36x36.jpeg 36w, https:\/\/www.decoforcurious.com\/wp-content\/uploads\/2024\/09\/IMG_28D8A2D48A21-7-180x180.jpeg 180w, https:\/\/www.decoforcurious.com\/wp-content\/uploads\/2024\/09\/IMG_28D8A2D48A21-7-450x450.jpeg 450w, https:\/\/www.decoforcurious.com\/wp-content\/uploads\/2024\/09\/IMG_28D8A2D48A21-7-406x406.jpeg 406w, https:\/\/www.decoforcurious.com\/wp-content\/uploads\/2024\/09\/IMG_28D8A2D48A21-7-100x100.jpeg 100w, https:\/\/www.decoforcurious.com\/wp-content\/uploads\/2024\/09\/IMG_28D8A2D48A21-7-170x170.jpeg 170w\" sizes=\"auto, (max-width: 80px) 100vw, 80px\" \/><\/a>\n\t\t\t<\/dt>\n\t\t\t\t<dd class='wp-caption-text gallery-caption' id='gallery-1-8973'>\n\t\t\t\t@deco_for_curious\n\t\t\t\t<\/dd><\/dl><dl class='gallery-item'>\n\t\t\t<dt class='gallery-icon landscape'>\n\t\t\t\t<a href='https:\/\/www.decoforcurious.com\/en\/?attachment_id=8961'><img loading=\"lazy\" decoding=\"async\" width=\"80\" height=\"80\" src=\"https:\/\/www.decoforcurious.com\/wp-content\/uploads\/2024\/09\/IMG_3591-80x80.jpg\" class=\"attachment-thumbnail size-thumbnail\" alt=\"\" aria-describedby=\"gallery-1-8961\" srcset=\"https:\/\/www.decoforcurious.com\/wp-content\/uploads\/2024\/09\/IMG_3591-80x80.jpg 80w, https:\/\/www.decoforcurious.com\/wp-content\/uploads\/2024\/09\/IMG_3591-300x300.jpg 300w, https:\/\/www.decoforcurious.com\/wp-content\/uploads\/2024\/09\/IMG_3591-1030x1030.jpg 1030w, https:\/\/www.decoforcurious.com\/wp-content\/uploads\/2024\/09\/IMG_3591-768x768.jpg 768w, https:\/\/www.decoforcurious.com\/wp-content\/uploads\/2024\/09\/IMG_3591-1536x1536.jpg 1536w, https:\/\/www.decoforcurious.com\/wp-content\/uploads\/2024\/09\/IMG_3591-2048x2048.jpg 2048w, https:\/\/www.decoforcurious.com\/wp-content\/uploads\/2024\/09\/IMG_3591-120x120.jpg 120w, https:\/\/www.decoforcurious.com\/wp-content\/uploads\/2024\/09\/IMG_3591-450x450.jpg 450w, https:\/\/www.decoforcurious.com\/wp-content\/uploads\/2024\/09\/IMG_3591-408x404.jpg 408w, https:\/\/www.decoforcurious.com\/wp-content\/uploads\/2024\/09\/IMG_3591-36x36.jpg 36w, https:\/\/www.decoforcurious.com\/wp-content\/uploads\/2024\/09\/IMG_3591-180x180.jpg 180w, https:\/\/www.decoforcurious.com\/wp-content\/uploads\/2024\/09\/IMG_3591-1500x1500.jpg 1500w, https:\/\/www.decoforcurious.com\/wp-content\/uploads\/2024\/09\/IMG_3591-705x705.jpg 705w, https:\/\/www.decoforcurious.com\/wp-content\/uploads\/2024\/09\/IMG_3591-406x406.jpg 406w, https:\/\/www.decoforcurious.com\/wp-content\/uploads\/2024\/09\/IMG_3591-672x672.jpg 672w, https:\/\/www.decoforcurious.com\/wp-content\/uploads\/2024\/09\/IMG_3591-100x100.jpg 100w, https:\/\/www.decoforcurious.com\/wp-content\/uploads\/2024\/09\/IMG_3591-170x170.jpg 170w\" sizes=\"auto, (max-width: 80px) 100vw, 80px\" \/><\/a>\n\t\t\t<\/dt>\n\t\t\t\t<dd class='wp-caption-text gallery-caption' id='gallery-1-8961'>\n\t\t\t\t@deco_for_curious\n\t\t\t\t<\/dd><\/dl>\n\t\t\t<br style='clear: both' \/>\n\t\t<\/div>\n\n<p class=\"text-body font-regular leading-[24px] pt-[9px] pb-[2px]\" dir=\"ltr\">s creation, transporting you to a time when artistry was celebrated and valued.<\/p>\n<h3 class=\"font-bold text-h4 leading-[30px] pt-[15px] pb-[2px] [&amp;_a]:underline-offset-[6px] [&amp;_.underline]:underline-offset-[6px]\" dir=\"ltr\">Perfect for Your Home<\/h3>\n<p class=\"text-body font-regular leading-[24px] pt-[9px] pb-[2px]\" dir=\"ltr\">Whether you use it to store your most cherished memories, seasonal clothing, or as a centrepiece in your living room, this chest fits all styles and needs. It is a piece that invites conversation, sparking curiosity and wonder in those who see it.<\/p>\n<p class=\"text-body font-regular leading-[24px] pt-[9px] pb-[2px]\" dir=\"ltr\"><b><strong class=\"font-bold\">The Antique Moroccan Chest is more than just a piece of furniture; it is an experience, a journey to the past, and a celebration of creativity and craftsmanship. Incorporate this unique piece into your life and transform your space with a touch of history and culture.<\/strong><\/b><\/p>\n<p class=\"text-body font-regular leading-[24px] pt-[9px] pb-[2px]\" dir=\"ltr\"><b><strong class=\"font-bold\">Origin<\/strong><\/b>: Taroudant, Morocco<\/p>\n<p class=\"text-body font-regular leading-[24px] pt-[9px] pb-[2px]\" dir=\"ltr\"><b><strong class=\"font-bold\">Era<\/strong><\/b>: 1940s<\/p>\n<p class=\"text-body font-regular leading-[24px] pt-[9px] pb-[2px]\" dir=\"ltr\">Make your home a reflection of your passion for history and art with the Antique Moroccan Chest.<\/p>\n<p dir=\"ltr\">\n","protected":false},"excerpt":{"rendered":"<p class=\"text-body font-regular leading-[24px] pt-[9px] pb-[2px]\" dir=\"ltr\">Exceptional chest made of carved and polychrome wood in traditional Moroccan style. This piece is a masterpiece of craftsmanship. Made of pine wood, it is painted with intricate designs and vibrant colours. The hand-painted motifs reflect the cultural heritage and artisanal skill of the era. An exceptional item, it is a unique piece.<\/p>\n<p class=\"text-body font-regular leading-[24px] pt-[9px] pb-[2px]\" dir=\"ltr\">Dimensions: Length 132cm x Width 35cm x Height 67cm x Depth 35cm<\/p>\n<p class=\"text-body font-regular leading-[24px] pt-[9px] pb-[2px]\" dir=\"ltr\">Origin: Taroudant, Morocco<\/p>\n<p class=\"text-body font-regular leading-[24px] pt-[9px] pb-[2px]\" dir=\"ltr\">Era: 1940s<\/p>\n","protected":false},"featured_media":9705,"comment_status":"closed","ping_status":"closed","template":"","meta":[],"product_cat":[120,146],"product_tag":[],"class_list":{"0":"post-8975","1":"product","2":"type-product","3":"status-publish","4":"has-post-thumbnail","6":"product_cat-furniture","7":"product_cat-trunks","9":"first","10":"outofstock","11":"sold-individually","12":"product-type-simple"},"yoast_head":"<!-- This site is optimized with the Yoast SEO plugin v22.0 - https:\/\/yoast.com\/wordpress\/plugins\/seo\/ -->\n<title>Antique Moroccan Chest - Deco for Curious: antig\u00fcedades y muebles vintage<\/title>\n<meta name=\"description\" content=\"Antique Moroccan chest, made of pine wood and hand-painted. Bring history and art to your space with this unique piece.\" \/>\n<meta name=\"robots\" content=\"index, follow, max-snippet:-1, max-image-preview:large, max-video-preview:-1\" \/>\n<link rel=\"canonical\" href=\"https:\/\/www.decoforcurious.com\/en\/producto\/antique-moroccan-chest\/\" \/>\n<meta property=\"og:locale\" content=\"en_US\" \/>\n<meta property=\"og:type\" content=\"article\" \/>\n<meta property=\"og:title\" content=\"Antique Moroccan Chest - Deco for Curious: antig\u00fcedades y muebles vintage\" \/>\n<meta property=\"og:description\" content=\"Antique Moroccan chest, made of pine wood and hand-painted. Bring history and art to your space with this unique piece.\" \/>\n<meta property=\"og:url\" content=\"https:\/\/www.decoforcurious.com\/en\/producto\/antique-moroccan-chest\/\" \/>\n<meta property=\"og:site_name\" content=\"Deco for Curious: antig\u00fcedades y muebles vintage\" \/>\n<meta property=\"article:modified_time\" content=\"2024-09-24T14:27:01+00:00\" \/>\n<meta property=\"og:image\" content=\"https:\/\/www.decoforcurious.com\/wp-content\/uploads\/2024\/09\/productos-vendidos-deco-for-curious-2.png\" \/>\n\t<meta property=\"og:image:width\" content=\"1030\" \/>\n\t<meta property=\"og:image:height\" content=\"1030\" \/>\n\t<meta property=\"og:image:type\" content=\"image\/png\" \/>\n<meta name=\"twitter:card\" content=\"summary_large_image\" \/>\n<meta name=\"twitter:label1\" content=\"Est. reading time\" \/>\n\t<meta name=\"twitter:data1\" content=\"2 minutes\" \/>\n<script type=\"application\/ld+json\" class=\"yoast-schema-graph\">{\"@context\":\"https:\/\/schema.org\",\"@graph\":[{\"@type\":\"WebPage\",\"@id\":\"https:\/\/www.decoforcurious.com\/en\/producto\/antique-moroccan-chest\/\",\"url\":\"https:\/\/www.decoforcurious.com\/en\/producto\/antique-moroccan-chest\/\",\"name\":\"Antique Moroccan Chest - Deco for Curious: antig\u00fcedades y muebles vintage\",\"isPartOf\":{\"@id\":\"https:\/\/www.decoforcurious.com\/en\/#website\"},\"datePublished\":\"2024-01-24T13:20:09+00:00\",\"dateModified\":\"2024-09-24T14:27:01+00:00\",\"description\":\"Antique Moroccan chest, made of pine wood and hand-painted. Bring history and art to your space with this unique piece.\",\"breadcrumb\":{\"@id\":\"https:\/\/www.decoforcurious.com\/en\/producto\/antique-moroccan-chest\/#breadcrumb\"},\"inLanguage\":\"en-US\",\"potentialAction\":[{\"@type\":\"ReadAction\",\"target\":[\"https:\/\/www.decoforcurious.com\/en\/producto\/antique-moroccan-chest\/\"]}]},{\"@type\":\"BreadcrumbList\",\"@id\":\"https:\/\/www.decoforcurious.com\/en\/producto\/antique-moroccan-chest\/#breadcrumb\",\"itemListElement\":[{\"@type\":\"ListItem\",\"position\":1,\"name\":\"Portada\",\"item\":\"https:\/\/www.decoforcurious.com\/en\/deco-for-curious-antiques-and-vintage-furniture\/\"},{\"@type\":\"ListItem\",\"position\":2,\"name\":\"Shop\",\"item\":\"https:\/\/www.decoforcurious.com\/en\/shop\/\"},{\"@type\":\"ListItem\",\"position\":3,\"name\":\"Antique Moroccan Chest\"}]},{\"@type\":\"WebSite\",\"@id\":\"https:\/\/www.decoforcurious.com\/en\/#website\",\"url\":\"https:\/\/www.decoforcurious.com\/en\/\",\"name\":\"Deco for Curious: antig\u00fcedades y muebles vintage\",\"description\":\"En Deco for Curious ofrecemos las mejores antig\u00fcedades, piezas vintage y arte. Cont\u00e1ctanos sin compromiso: barbara@decoforcurious.com\",\"publisher\":{\"@id\":\"https:\/\/www.decoforcurious.com\/en\/#organization\"},\"potentialAction\":[{\"@type\":\"SearchAction\",\"target\":{\"@type\":\"EntryPoint\",\"urlTemplate\":\"https:\/\/www.decoforcurious.com\/en\/?s={search_term_string}\"},\"query-input\":\"required name=search_term_string\"}],\"inLanguage\":\"en-US\"},{\"@type\":\"Organization\",\"@id\":\"https:\/\/www.decoforcurious.com\/en\/#organization\",\"name\":\"Deco for Curious: antig\u00fcedades y muebles vintage\",\"url\":\"https:\/\/www.decoforcurious.com\/en\/\",\"logo\":{\"@type\":\"ImageObject\",\"inLanguage\":\"en-US\",\"@id\":\"https:\/\/www.decoforcurious.com\/en\/#\/schema\/logo\/image\/\",\"url\":\"https:\/\/www.decoforcurious.com\/wp-content\/uploads\/2024\/02\/icono-menu.png\",\"contentUrl\":\"https:\/\/www.decoforcurious.com\/wp-content\/uploads\/2024\/02\/icono-menu.png\",\"width\":16,\"height\":53,\"caption\":\"Deco for Curious: antig\u00fcedades y muebles vintage\"},\"image\":{\"@id\":\"https:\/\/www.decoforcurious.com\/en\/#\/schema\/logo\/image\/\"},\"sameAs\":[\"https:\/\/www.instagram.com\/deco_for_curious\/\"]}]}<\/script>\n<!-- \/ Yoast SEO plugin. -->","yoast_head_json":{"title":"Antique Moroccan Chest - Deco for Curious: antig\u00fcedades y muebles vintage","description":"Antique Moroccan chest, made of pine wood and hand-painted. Bring history and art to your space with this unique piece.","robots":{"index":"index","follow":"follow","max-snippet":"max-snippet:-1","max-image-preview":"max-image-preview:large","max-video-preview":"max-video-preview:-1"},"canonical":"https:\/\/www.decoforcurious.com\/en\/producto\/antique-moroccan-chest\/","og_locale":"en_US","og_type":"article","og_title":"Antique Moroccan Chest - Deco for Curious: antig\u00fcedades y muebles vintage","og_description":"Antique Moroccan chest, made of pine wood and hand-painted. Bring history and art to your space with this unique piece.","og_url":"https:\/\/www.decoforcurious.com\/en\/producto\/antique-moroccan-chest\/","og_site_name":"Deco for Curious: antig\u00fcedades y muebles vintage","article_modified_time":"2024-09-24T14:27:01+00:00","og_image":[{"url":"https:\/\/www.decoforcurious.com\/wp-content\/uploads\/2024\/09\/productos-vendidos-deco-for-curious-2.png","width":1030,"height":1030,"type":"image\/png"}],"twitter_card":"summary_large_image","twitter_misc":{"Est. reading time":"2 minutes"},"schema":{"@context":"https:\/\/schema.org","@graph":[{"@type":"WebPage","@id":"https:\/\/www.decoforcurious.com\/en\/producto\/antique-moroccan-chest\/","url":"https:\/\/www.decoforcurious.com\/en\/producto\/antique-moroccan-chest\/","name":"Antique Moroccan Chest - Deco for Curious: antig\u00fcedades y muebles vintage","isPartOf":{"@id":"https:\/\/www.decoforcurious.com\/en\/#website"},"datePublished":"2024-01-24T13:20:09+00:00","dateModified":"2024-09-24T14:27:01+00:00","description":"Antique Moroccan chest, made of pine wood and hand-painted. Bring history and art to your space with this unique piece.","breadcrumb":{"@id":"https:\/\/www.decoforcurious.com\/en\/producto\/antique-moroccan-chest\/#breadcrumb"},"inLanguage":"en-US","potentialAction":[{"@type":"ReadAction","target":["https:\/\/www.decoforcurious.com\/en\/producto\/antique-moroccan-chest\/"]}]},{"@type":"BreadcrumbList","@id":"https:\/\/www.decoforcurious.com\/en\/producto\/antique-moroccan-chest\/#breadcrumb","itemListElement":[{"@type":"ListItem","position":1,"name":"Portada","item":"https:\/\/www.decoforcurious.com\/en\/deco-for-curious-antiques-and-vintage-furniture\/"},{"@type":"ListItem","position":2,"name":"Shop","item":"https:\/\/www.decoforcurious.com\/en\/shop\/"},{"@type":"ListItem","position":3,"name":"Antique Moroccan Chest"}]},{"@type":"WebSite","@id":"https:\/\/www.decoforcurious.com\/en\/#website","url":"https:\/\/www.decoforcurious.com\/en\/","name":"Deco for Curious: antig\u00fcedades y muebles vintage","description":"En Deco for Curious ofrecemos las mejores antig\u00fcedades, piezas vintage y arte. Cont\u00e1ctanos sin compromiso: barbara@decoforcurious.com","publisher":{"@id":"https:\/\/www.decoforcurious.com\/en\/#organization"},"potentialAction":[{"@type":"SearchAction","target":{"@type":"EntryPoint","urlTemplate":"https:\/\/www.decoforcurious.com\/en\/?s={search_term_string}"},"query-input":"required name=search_term_string"}],"inLanguage":"en-US"},{"@type":"Organization","@id":"https:\/\/www.decoforcurious.com\/en\/#organization","name":"Deco for Curious: antig\u00fcedades y muebles vintage","url":"https:\/\/www.decoforcurious.com\/en\/","logo":{"@type":"ImageObject","inLanguage":"en-US","@id":"https:\/\/www.decoforcurious.com\/en\/#\/schema\/logo\/image\/","url":"https:\/\/www.decoforcurious.com\/wp-content\/uploads\/2024\/02\/icono-menu.png","contentUrl":"https:\/\/www.decoforcurious.com\/wp-content\/uploads\/2024\/02\/icono-menu.png","width":16,"height":53,"caption":"Deco for Curious: antig\u00fcedades y muebles vintage"},"image":{"@id":"https:\/\/www.decoforcurious.com\/en\/#\/schema\/logo\/image\/"},"sameAs":["https:\/\/www.instagram.com\/deco_for_curious\/"]}]}},"_links":{"self":[{"href":"https:\/\/www.decoforcurious.com\/en\/wp-json\/wp\/v2\/product\/8975","targetHints":{"allow":["GET"]}}],"collection":[{"href":"https:\/\/www.decoforcurious.com\/en\/wp-json\/wp\/v2\/product"}],"about":[{"href":"https:\/\/www.decoforcurious.com\/en\/wp-json\/wp\/v2\/types\/product"}],"replies":[{"embeddable":true,"href":"https:\/\/www.decoforcurious.com\/en\/wp-json\/wp\/v2\/comments?post=8975"}],"wp:featuredmedia":[{"embeddable":true,"href":"https:\/\/www.decoforcurious.com\/en\/wp-json\/wp\/v2\/media\/9705"}],"wp:attachment":[{"href":"https:\/\/www.decoforcurious.com\/en\/wp-json\/wp\/v2\/media?parent=8975"}],"wp:term":[{"taxonomy":"product_cat","embeddable":true,"href":"https:\/\/www.decoforcurious.com\/en\/wp-json\/wp\/v2\/product_cat?post=8975"},{"taxonomy":"product_tag","embeddable":true,"href":"https:\/\/www.decoforcurious.com\/en\/wp-json\/wp\/v2\/product_tag?post=8975"}],"curies":[{"name":"wp","href":"https:\/\/api.w.org\/{rel}","templated":true}]}}