{"id":8273,"date":"2024-07-03T14:04:29","date_gmt":"2024-07-03T13:04:29","guid":{"rendered":"https:\/\/www.decoforcurious.com\/?post_type=product&#038;p=8273"},"modified":"2024-07-03T14:13:03","modified_gmt":"2024-07-03T13:13:03","slug":"oil-painting-on-paper-abstract-landscape-by-carmen-roncero","status":"publish","type":"product","link":"https:\/\/www.decoforcurious.com\/en\/producto\/oil-painting-on-paper-abstract-landscape-by-carmen-roncero\/","title":{"rendered":"Oil painting on paper &#8211; Abstract Landscape by Carmen Roncero"},"content":{"rendered":"<ul>\n<li>Style: Abstract landscape<\/li>\n<li>Dimensions: Height 36cm x Width 28cm<\/li>\n<li>Artist: Carmen Roncero<\/li>\n<\/ul>\n<p>Exhibition: &#8220;The dematerialized landscape, Plasencia 2023&#8221; Frame: White beveled wooden frame Specifications: Price: Per unit To make a purchase, please email\u00a0<a href=\"mailto:barbara@decoforcurious.com\">barbara@decoforcurious.com<\/a>\u00a0specifying the artwork of your interest.<\/p>\n<p>This artwork is a unique piece that will add sophistication and beauty to any space. Perfect for collectors and lovers of contemporary art.<\/p>\n<p>&nbsp;<\/p>\n<p>Interview with Carmen Roncero \u21d3<\/p>\n<div class='avia-iframe-wrap'>\n<blockquote class=\"wp-embedded-content\" data-secret=\"9zheXCmtWl\"><p><a href=\"https:\/\/www.decoforcurious.com\/2023\/03\/22\/cara_a_cara\/\">CARA A CARA CON EL ARTE: PLATOS DE PARED PINTADOS A MANO<\/a><\/p><\/blockquote>\n<p><iframe loading=\"lazy\" class=\"wp-embedded-content\" sandbox=\"allow-scripts\" security=\"restricted\" style=\"position: absolute; clip: rect(1px, 1px, 1px, 1px);\" title=\"\u00abCARA A CARA CON EL ARTE: PLATOS DE PARED PINTADOS A MANO\u00bb \u2014 Deco for Curious: antig\u00fcedades y muebles vintage\" src=\"https:\/\/www.decoforcurious.com\/2023\/03\/22\/cara_a_cara\/embed\/#?secret=Pig9O18r7m#?secret=9zheXCmtWl\" data-secret=\"9zheXCmtWl\" width=\"600\" height=\"338\" frameborder=\"0\" marginwidth=\"0\" marginheight=\"0\" scrolling=\"no\"><\/iframe><\/div>\n<p>&nbsp;<\/p>\n<p>Exhibition Information \u21d3<\/p>\n<p>https:\/\/www.europapress.es\/extremadura\/caceres-provincial-00712\/noticia-complejo-cultural-santa-maria-plasencia-ofrece-exposicion-paisaje-desmaterializado-carmen-roncero-20230411110427.html<\/p>\n<p>&nbsp;<\/p>\n<p>Carmen Roncero on TVE News \u21d3<\/p>\n<div class='avia-iframe-wrap'><iframe loading=\"lazy\" title=\"El Paisaje Desmaterializado de Carmen Roncero - (2023 Abril)\" width=\"1500\" height=\"844\" src=\"https:\/\/www.youtube.com\/embed\/CmRCamEnGvo?feature=oembed\" frameborder=\"0\" allow=\"accelerometer; autoplay; clipboard-write; encrypted-media; gyroscope; picture-in-picture; web-share\" referrerpolicy=\"strict-origin-when-cross-origin\" allowfullscreen><\/iframe><\/div>\n<p>&nbsp;<\/p>\n","protected":false},"excerpt":{"rendered":"<p>Discover this stunning oil painting on paper, a captivating abstract landscape created by Carmen Roncero. This piece was featured in the exhibition &#8220;The Dematerialized Landscape, Plasencia 2023.&#8221; Each painting is framed with a white beveled wooden frame, emphasizing its elegance and modernity.<\/p>\n","protected":false},"featured_media":8269,"comment_status":"closed","ping_status":"closed","template":"","meta":[],"product_cat":[162,176],"product_tag":[],"class_list":{"0":"post-8273","1":"product","2":"type-product","3":"status-publish","4":"has-post-thumbnail","6":"product_cat-art","7":"product_cat-oil-painting-artwork","9":"first","10":"instock","11":"sold-individually","12":"purchasable","13":"product-type-simple"},"yoast_head":"<!-- This site is optimized with the Yoast SEO plugin v22.0 - https:\/\/yoast.com\/wordpress\/plugins\/seo\/ -->\n<title>Oil painting on paper - Abstract Landscape by Carmen Roncero - Deco for Curious: antig\u00fcedades y muebles vintage<\/title>\n<meta name=\"description\" content=\"Discover this stunning oil painting on paper by artist Carmen Roncero, framed with a white beveled wooden frame.\" \/>\n<meta name=\"robots\" content=\"index, follow, max-snippet:-1, max-image-preview:large, max-video-preview:-1\" \/>\n<link rel=\"canonical\" href=\"https:\/\/www.decoforcurious.com\/en\/producto\/oil-painting-on-paper-abstract-landscape-by-carmen-roncero\/\" \/>\n<meta property=\"og:locale\" content=\"en_US\" \/>\n<meta property=\"og:type\" content=\"article\" \/>\n<meta property=\"og:title\" content=\"Oil painting on paper - Abstract Landscape by Carmen Roncero - Deco for Curious: antig\u00fcedades y muebles vintage\" \/>\n<meta property=\"og:description\" content=\"Discover this stunning oil painting on paper by artist Carmen Roncero, framed with a white beveled wooden frame.\" \/>\n<meta property=\"og:url\" content=\"https:\/\/www.decoforcurious.com\/en\/producto\/oil-painting-on-paper-abstract-landscape-by-carmen-roncero\/\" \/>\n<meta property=\"og:site_name\" content=\"Deco for Curious: antig\u00fcedades y muebles vintage\" \/>\n<meta property=\"article:modified_time\" content=\"2024-07-03T13:13:03+00:00\" \/>\n<meta property=\"og:image\" content=\"https:\/\/www.decoforcurious.com\/wp-content\/uploads\/2024\/07\/Nubes-Buena.jpg\" \/>\n\t<meta property=\"og:image:width\" content=\"1275\" \/>\n\t<meta property=\"og:image:height\" content=\"1775\" \/>\n\t<meta property=\"og:image:type\" content=\"image\/jpeg\" \/>\n<meta name=\"twitter:card\" content=\"summary_large_image\" \/>\n<meta name=\"twitter:label1\" content=\"Est. reading time\" \/>\n\t<meta name=\"twitter:data1\" content=\"1 minute\" \/>\n<script type=\"application\/ld+json\" class=\"yoast-schema-graph\">{\"@context\":\"https:\/\/schema.org\",\"@graph\":[{\"@type\":\"WebPage\",\"@id\":\"https:\/\/www.decoforcurious.com\/en\/producto\/oil-painting-on-paper-abstract-landscape-by-carmen-roncero\/\",\"url\":\"https:\/\/www.decoforcurious.com\/en\/producto\/oil-painting-on-paper-abstract-landscape-by-carmen-roncero\/\",\"name\":\"Oil painting on paper - Abstract Landscape by Carmen Roncero - Deco for Curious: antig\u00fcedades y muebles vintage\",\"isPartOf\":{\"@id\":\"https:\/\/www.decoforcurious.com\/en\/#website\"},\"datePublished\":\"2024-07-03T13:04:29+00:00\",\"dateModified\":\"2024-07-03T13:13:03+00:00\",\"description\":\"Discover this stunning oil painting on paper by artist Carmen Roncero, framed with a white beveled wooden frame.\",\"breadcrumb\":{\"@id\":\"https:\/\/www.decoforcurious.com\/en\/producto\/oil-painting-on-paper-abstract-landscape-by-carmen-roncero\/#breadcrumb\"},\"inLanguage\":\"en-US\",\"potentialAction\":[{\"@type\":\"ReadAction\",\"target\":[\"https:\/\/www.decoforcurious.com\/en\/producto\/oil-painting-on-paper-abstract-landscape-by-carmen-roncero\/\"]}]},{\"@type\":\"BreadcrumbList\",\"@id\":\"https:\/\/www.decoforcurious.com\/en\/producto\/oil-painting-on-paper-abstract-landscape-by-carmen-roncero\/#breadcrumb\",\"itemListElement\":[{\"@type\":\"ListItem\",\"position\":1,\"name\":\"Portada\",\"item\":\"https:\/\/www.decoforcurious.com\/en\/deco-for-curious-antiques-and-vintage-furniture\/\"},{\"@type\":\"ListItem\",\"position\":2,\"name\":\"Shop\",\"item\":\"https:\/\/www.decoforcurious.com\/en\/shop\/\"},{\"@type\":\"ListItem\",\"position\":3,\"name\":\"Oil painting on paper &#8211; Abstract Landscape by Carmen Roncero\"}]},{\"@type\":\"WebSite\",\"@id\":\"https:\/\/www.decoforcurious.com\/en\/#website\",\"url\":\"https:\/\/www.decoforcurious.com\/en\/\",\"name\":\"Deco for Curious: antig\u00fcedades y muebles vintage\",\"description\":\"En Deco for Curious ofrecemos las mejores antig\u00fcedades, piezas vintage y arte. Cont\u00e1ctanos sin compromiso: barbara@decoforcurious.com\",\"publisher\":{\"@id\":\"https:\/\/www.decoforcurious.com\/en\/#organization\"},\"potentialAction\":[{\"@type\":\"SearchAction\",\"target\":{\"@type\":\"EntryPoint\",\"urlTemplate\":\"https:\/\/www.decoforcurious.com\/en\/?s={search_term_string}\"},\"query-input\":\"required name=search_term_string\"}],\"inLanguage\":\"en-US\"},{\"@type\":\"Organization\",\"@id\":\"https:\/\/www.decoforcurious.com\/en\/#organization\",\"name\":\"Deco for Curious: antig\u00fcedades y muebles vintage\",\"url\":\"https:\/\/www.decoforcurious.com\/en\/\",\"logo\":{\"@type\":\"ImageObject\",\"inLanguage\":\"en-US\",\"@id\":\"https:\/\/www.decoforcurious.com\/en\/#\/schema\/logo\/image\/\",\"url\":\"https:\/\/www.decoforcurious.com\/wp-content\/uploads\/2024\/02\/icono-menu.png\",\"contentUrl\":\"https:\/\/www.decoforcurious.com\/wp-content\/uploads\/2024\/02\/icono-menu.png\",\"width\":16,\"height\":53,\"caption\":\"Deco for Curious: antig\u00fcedades y muebles vintage\"},\"image\":{\"@id\":\"https:\/\/www.decoforcurious.com\/en\/#\/schema\/logo\/image\/\"},\"sameAs\":[\"https:\/\/www.instagram.com\/deco_for_curious\/\"]}]}<\/script>\n<!-- \/ Yoast SEO plugin. -->","yoast_head_json":{"title":"Oil painting on paper - Abstract Landscape by Carmen Roncero - Deco for Curious: antig\u00fcedades y muebles vintage","description":"Discover this stunning oil painting on paper by artist Carmen Roncero, framed with a white beveled wooden frame.","robots":{"index":"index","follow":"follow","max-snippet":"max-snippet:-1","max-image-preview":"max-image-preview:large","max-video-preview":"max-video-preview:-1"},"canonical":"https:\/\/www.decoforcurious.com\/en\/producto\/oil-painting-on-paper-abstract-landscape-by-carmen-roncero\/","og_locale":"en_US","og_type":"article","og_title":"Oil painting on paper - Abstract Landscape by Carmen Roncero - Deco for Curious: antig\u00fcedades y muebles vintage","og_description":"Discover this stunning oil painting on paper by artist Carmen Roncero, framed with a white beveled wooden frame.","og_url":"https:\/\/www.decoforcurious.com\/en\/producto\/oil-painting-on-paper-abstract-landscape-by-carmen-roncero\/","og_site_name":"Deco for Curious: antig\u00fcedades y muebles vintage","article_modified_time":"2024-07-03T13:13:03+00:00","og_image":[{"width":1275,"height":1775,"url":"https:\/\/www.decoforcurious.com\/wp-content\/uploads\/2024\/07\/Nubes-Buena.jpg","type":"image\/jpeg"}],"twitter_card":"summary_large_image","twitter_misc":{"Est. reading time":"1 minute"},"schema":{"@context":"https:\/\/schema.org","@graph":[{"@type":"WebPage","@id":"https:\/\/www.decoforcurious.com\/en\/producto\/oil-painting-on-paper-abstract-landscape-by-carmen-roncero\/","url":"https:\/\/www.decoforcurious.com\/en\/producto\/oil-painting-on-paper-abstract-landscape-by-carmen-roncero\/","name":"Oil painting on paper - Abstract Landscape by Carmen Roncero - Deco for Curious: antig\u00fcedades y muebles vintage","isPartOf":{"@id":"https:\/\/www.decoforcurious.com\/en\/#website"},"datePublished":"2024-07-03T13:04:29+00:00","dateModified":"2024-07-03T13:13:03+00:00","description":"Discover this stunning oil painting on paper by artist Carmen Roncero, framed with a white beveled wooden frame.","breadcrumb":{"@id":"https:\/\/www.decoforcurious.com\/en\/producto\/oil-painting-on-paper-abstract-landscape-by-carmen-roncero\/#breadcrumb"},"inLanguage":"en-US","potentialAction":[{"@type":"ReadAction","target":["https:\/\/www.decoforcurious.com\/en\/producto\/oil-painting-on-paper-abstract-landscape-by-carmen-roncero\/"]}]},{"@type":"BreadcrumbList","@id":"https:\/\/www.decoforcurious.com\/en\/producto\/oil-painting-on-paper-abstract-landscape-by-carmen-roncero\/#breadcrumb","itemListElement":[{"@type":"ListItem","position":1,"name":"Portada","item":"https:\/\/www.decoforcurious.com\/en\/deco-for-curious-antiques-and-vintage-furniture\/"},{"@type":"ListItem","position":2,"name":"Shop","item":"https:\/\/www.decoforcurious.com\/en\/shop\/"},{"@type":"ListItem","position":3,"name":"Oil painting on paper &#8211; Abstract Landscape by Carmen Roncero"}]},{"@type":"WebSite","@id":"https:\/\/www.decoforcurious.com\/en\/#website","url":"https:\/\/www.decoforcurious.com\/en\/","name":"Deco for Curious: antig\u00fcedades y muebles vintage","description":"En Deco for Curious ofrecemos las mejores antig\u00fcedades, piezas vintage y arte. Cont\u00e1ctanos sin compromiso: barbara@decoforcurious.com","publisher":{"@id":"https:\/\/www.decoforcurious.com\/en\/#organization"},"potentialAction":[{"@type":"SearchAction","target":{"@type":"EntryPoint","urlTemplate":"https:\/\/www.decoforcurious.com\/en\/?s={search_term_string}"},"query-input":"required name=search_term_string"}],"inLanguage":"en-US"},{"@type":"Organization","@id":"https:\/\/www.decoforcurious.com\/en\/#organization","name":"Deco for Curious: antig\u00fcedades y muebles vintage","url":"https:\/\/www.decoforcurious.com\/en\/","logo":{"@type":"ImageObject","inLanguage":"en-US","@id":"https:\/\/www.decoforcurious.com\/en\/#\/schema\/logo\/image\/","url":"https:\/\/www.decoforcurious.com\/wp-content\/uploads\/2024\/02\/icono-menu.png","contentUrl":"https:\/\/www.decoforcurious.com\/wp-content\/uploads\/2024\/02\/icono-menu.png","width":16,"height":53,"caption":"Deco for Curious: antig\u00fcedades y muebles vintage"},"image":{"@id":"https:\/\/www.decoforcurious.com\/en\/#\/schema\/logo\/image\/"},"sameAs":["https:\/\/www.instagram.com\/deco_for_curious\/"]}]}},"_links":{"self":[{"href":"https:\/\/www.decoforcurious.com\/en\/wp-json\/wp\/v2\/product\/8273","targetHints":{"allow":["GET"]}}],"collection":[{"href":"https:\/\/www.decoforcurious.com\/en\/wp-json\/wp\/v2\/product"}],"about":[{"href":"https:\/\/www.decoforcurious.com\/en\/wp-json\/wp\/v2\/types\/product"}],"replies":[{"embeddable":true,"href":"https:\/\/www.decoforcurious.com\/en\/wp-json\/wp\/v2\/comments?post=8273"}],"wp:featuredmedia":[{"embeddable":true,"href":"https:\/\/www.decoforcurious.com\/en\/wp-json\/wp\/v2\/media\/8269"}],"wp:attachment":[{"href":"https:\/\/www.decoforcurious.com\/en\/wp-json\/wp\/v2\/media?parent=8273"}],"wp:term":[{"taxonomy":"product_cat","embeddable":true,"href":"https:\/\/www.decoforcurious.com\/en\/wp-json\/wp\/v2\/product_cat?post=8273"},{"taxonomy":"product_tag","embeddable":true,"href":"https:\/\/www.decoforcurious.com\/en\/wp-json\/wp\/v2\/product_tag?post=8273"}],"curies":[{"name":"wp","href":"https:\/\/api.w.org\/{rel}","templated":true}]}}