{"id":8074,"date":"2024-05-09T12:42:36","date_gmt":"2024-05-09T11:42:36","guid":{"rendered":"https:\/\/www.decoforcurious.com\/?post_type=product&#038;p=8074"},"modified":"2024-05-09T16:22:24","modified_gmt":"2024-05-09T15:22:24","slug":"18th-century-basque-bed-with-elegant-country-house-canopy","status":"publish","type":"product","link":"https:\/\/www.decoforcurious.com\/en\/producto\/18th-century-basque-bed-with-elegant-country-house-canopy\/","title":{"rendered":"18th Century Basque bed with canopy"},"content":{"rendered":"<p>Exceptional Basque bed, a rarity among the sobriety of Basque antiques.<\/p>\n<p>The pine wood, carefully carved and painted in an orangey-red tone on stucco, gives a feeling of warmth and authenticity to this unique piece. The colour and decoration, composed of geometric and figurative motifs, become the protagonists of this piece. The canopy, headboard, footboard and side rails, all preserved in their original state, are particularly noteworthy, making it a true rarity in the world of antique furniture.<\/p>\n<p>This antique bed is much more than just a piece of furniture; it is a work of art that will transform any space. Ideal for those looking to incorporate authentic antique furniture into their interior d\u00e9cor, this bed is the perfect centrepiece for any bedroom looking to stand out for its originality and historical charm.<\/p>\n<p>Some similar examples arrived in the 1980s to the Basque Museum in Bilbao, highlighting its historical value.<\/p>\n<p>&nbsp;<\/p>\n<h2>Key Features:<\/h2>\n<ul>\n<li><strong>Dimensions:<\/strong> Height 185cm x Width 140cm x Length 190cm; Canopy 200x140cm<\/li>\n<li><strong>Origin:<\/strong> These beds originated in Mungia, Vizcaya, although one was found in Fuenterrab\u00eda, Guip\u00fazcoa, in the 1960s. It is believed to be from the former Castle of Carlos V.<\/li>\n<li><strong>Era:<\/strong> Mid-18th century<\/li>\n<\/ul>\n<h2>Technical Specifications:<\/h2>\n<ul>\n<li>Headboard cut in the shape of a semicircular arch and footboard in rectangular board.<\/li>\n<li>Assembly of the different parts of the bed through tongue-and-groove joints and secured by rear crossbars.<\/li>\n<li>Preserves all original elements in excellent condition.<\/li>\n<\/ul>\n<p>&nbsp;<\/p>\n<p><a href=\"https:\/\/www.decoforcurious.com\/wp-content\/uploads\/2024\/05\/WhatsApp-Image-2024-05-09-at-11.32.13.jpeg\"><img loading=\"lazy\" decoding=\"async\" class=\"alignnone size-medium wp-image-8048\" src=\"https:\/\/www.decoforcurious.com\/wp-content\/uploads\/2024\/05\/WhatsApp-Image-2024-05-09-at-11.32.13-225x300.jpeg\" alt=\"revista House and Garden\" width=\"225\" height=\"300\" srcset=\"https:\/\/www.decoforcurious.com\/wp-content\/uploads\/2024\/05\/WhatsApp-Image-2024-05-09-at-11.32.13-225x300.jpeg 225w, https:\/\/www.decoforcurious.com\/wp-content\/uploads\/2024\/05\/WhatsApp-Image-2024-05-09-at-11.32.13-773x1030.jpeg 773w, https:\/\/www.decoforcurious.com\/wp-content\/uploads\/2024\/05\/WhatsApp-Image-2024-05-09-at-11.32.13-768x1024.jpeg 768w, https:\/\/www.decoforcurious.com\/wp-content\/uploads\/2024\/05\/WhatsApp-Image-2024-05-09-at-11.32.13-1152x1536.jpeg 1152w, https:\/\/www.decoforcurious.com\/wp-content\/uploads\/2024\/05\/WhatsApp-Image-2024-05-09-at-11.32.13-450x600.jpeg 450w, https:\/\/www.decoforcurious.com\/wp-content\/uploads\/2024\/05\/WhatsApp-Image-2024-05-09-at-11.32.13-1125x1500.jpeg 1125w, https:\/\/www.decoforcurious.com\/wp-content\/uploads\/2024\/05\/WhatsApp-Image-2024-05-09-at-11.32.13-529x705.jpeg 529w, https:\/\/www.decoforcurious.com\/wp-content\/uploads\/2024\/05\/WhatsApp-Image-2024-05-09-at-11.32.13-672x896.jpeg 672w, https:\/\/www.decoforcurious.com\/wp-content\/uploads\/2024\/05\/WhatsApp-Image-2024-05-09-at-11.32.13.jpeg 1536w\" sizes=\"auto, (max-width: 225px) 100vw, 225px\" \/><\/a><\/p>\n","protected":false},"excerpt":{"rendered":"<p>This exceptional 18th-century Basque bed is a true gem of antique furniture. It represents a unique piece of the rich history of antique furniture design in the Basque Country. Crafted with exquisite craftsmanship in polychrome pine wood, this bed captures the very essence of the charm and craftmanship of the era.<\/p>\n<p>These pieces of furniture, laden with history and charm, are becoming increasingly scarce, making each preserved specimen even more valuable and appreciated by antique furniture connoisseurs. It is important to note that one of these beds was featured on the cover of the prestigious House and Garden magazine, highlighting its exceptional nature as an iconic piece of antique interior design.<\/p>\n","protected":false},"featured_media":8051,"comment_status":"closed","ping_status":"closed","template":"","meta":[],"product_cat":[158,120],"product_tag":[],"class_list":{"0":"post-8074","1":"product","2":"type-product","3":"status-publish","4":"has-post-thumbnail","6":"product_cat-uncategorized","7":"product_cat-furniture","9":"first","10":"instock","11":"sold-individually","12":"purchasable","13":"product-type-simple"},"yoast_head":"<!-- This site is optimized with the Yoast SEO plugin v22.0 - https:\/\/yoast.com\/wordpress\/plugins\/seo\/ -->\n<title>18th Century Basque bed with canopy - Deco for Curious: antig\u00fcedades y muebles vintage<\/title>\n<meta name=\"description\" content=\"18th Century Basque Bed: Unique piece of polychrome wood with canopy. Discover this antique gem for your home! Click to purchase!\" \/>\n<meta name=\"robots\" content=\"index, follow, max-snippet:-1, max-image-preview:large, max-video-preview:-1\" \/>\n<link rel=\"canonical\" href=\"https:\/\/www.decoforcurious.com\/en\/producto\/18th-century-basque-bed-with-elegant-country-house-canopy\/\" \/>\n<meta property=\"og:locale\" content=\"en_US\" \/>\n<meta property=\"og:type\" content=\"article\" \/>\n<meta property=\"og:title\" content=\"18th Century Basque bed with canopy - Deco for Curious: antig\u00fcedades y muebles vintage\" \/>\n<meta property=\"og:description\" content=\"18th Century Basque Bed: Unique piece of polychrome wood with canopy. Discover this antique gem for your home! Click to purchase!\" \/>\n<meta property=\"og:url\" content=\"https:\/\/www.decoforcurious.com\/en\/producto\/18th-century-basque-bed-with-elegant-country-house-canopy\/\" \/>\n<meta property=\"og:site_name\" content=\"Deco for Curious: antig\u00fcedades y muebles vintage\" \/>\n<meta property=\"article:modified_time\" content=\"2024-05-09T15:22:24+00:00\" \/>\n<meta property=\"og:image\" content=\"https:\/\/www.decoforcurious.com\/wp-content\/uploads\/2024\/05\/Dia-JOBAR-IMG_8091-773x1030.jpg\" \/>\n\t<meta property=\"og:image:width\" content=\"773\" \/>\n\t<meta property=\"og:image:height\" content=\"1030\" \/>\n\t<meta property=\"og:image:type\" content=\"image\/jpeg\" \/>\n<meta name=\"twitter:card\" content=\"summary_large_image\" \/>\n<meta name=\"twitter:label1\" content=\"Est. reading time\" \/>\n\t<meta name=\"twitter:data1\" content=\"2 minutes\" \/>\n<script type=\"application\/ld+json\" class=\"yoast-schema-graph\">{\"@context\":\"https:\/\/schema.org\",\"@graph\":[{\"@type\":\"WebPage\",\"@id\":\"https:\/\/www.decoforcurious.com\/en\/producto\/18th-century-basque-bed-with-elegant-country-house-canopy\/\",\"url\":\"https:\/\/www.decoforcurious.com\/en\/producto\/18th-century-basque-bed-with-elegant-country-house-canopy\/\",\"name\":\"18th Century Basque bed with canopy - Deco for Curious: antig\u00fcedades y muebles vintage\",\"isPartOf\":{\"@id\":\"https:\/\/www.decoforcurious.com\/en\/#website\"},\"datePublished\":\"2024-05-09T11:42:36+00:00\",\"dateModified\":\"2024-05-09T15:22:24+00:00\",\"description\":\"18th Century Basque Bed: Unique piece of polychrome wood with canopy. Discover this antique gem for your home! Click to purchase!\",\"breadcrumb\":{\"@id\":\"https:\/\/www.decoforcurious.com\/en\/producto\/18th-century-basque-bed-with-elegant-country-house-canopy\/#breadcrumb\"},\"inLanguage\":\"en-US\",\"potentialAction\":[{\"@type\":\"ReadAction\",\"target\":[\"https:\/\/www.decoforcurious.com\/en\/producto\/18th-century-basque-bed-with-elegant-country-house-canopy\/\"]}]},{\"@type\":\"BreadcrumbList\",\"@id\":\"https:\/\/www.decoforcurious.com\/en\/producto\/18th-century-basque-bed-with-elegant-country-house-canopy\/#breadcrumb\",\"itemListElement\":[{\"@type\":\"ListItem\",\"position\":1,\"name\":\"Portada\",\"item\":\"https:\/\/www.decoforcurious.com\/en\/deco-for-curious-antiques-and-vintage-furniture\/\"},{\"@type\":\"ListItem\",\"position\":2,\"name\":\"Shop\",\"item\":\"https:\/\/www.decoforcurious.com\/en\/shop\/\"},{\"@type\":\"ListItem\",\"position\":3,\"name\":\"18th Century Basque bed with canopy\"}]},{\"@type\":\"WebSite\",\"@id\":\"https:\/\/www.decoforcurious.com\/en\/#website\",\"url\":\"https:\/\/www.decoforcurious.com\/en\/\",\"name\":\"Deco for Curious: antig\u00fcedades y muebles vintage\",\"description\":\"En Deco for Curious ofrecemos las mejores antig\u00fcedades, piezas vintage y arte. Cont\u00e1ctanos sin compromiso: barbara@decoforcurious.com\",\"publisher\":{\"@id\":\"https:\/\/www.decoforcurious.com\/en\/#organization\"},\"potentialAction\":[{\"@type\":\"SearchAction\",\"target\":{\"@type\":\"EntryPoint\",\"urlTemplate\":\"https:\/\/www.decoforcurious.com\/en\/?s={search_term_string}\"},\"query-input\":\"required name=search_term_string\"}],\"inLanguage\":\"en-US\"},{\"@type\":\"Organization\",\"@id\":\"https:\/\/www.decoforcurious.com\/en\/#organization\",\"name\":\"Deco for Curious: antig\u00fcedades y muebles vintage\",\"url\":\"https:\/\/www.decoforcurious.com\/en\/\",\"logo\":{\"@type\":\"ImageObject\",\"inLanguage\":\"en-US\",\"@id\":\"https:\/\/www.decoforcurious.com\/en\/#\/schema\/logo\/image\/\",\"url\":\"https:\/\/www.decoforcurious.com\/wp-content\/uploads\/2024\/02\/icono-menu.png\",\"contentUrl\":\"https:\/\/www.decoforcurious.com\/wp-content\/uploads\/2024\/02\/icono-menu.png\",\"width\":16,\"height\":53,\"caption\":\"Deco for Curious: antig\u00fcedades y muebles vintage\"},\"image\":{\"@id\":\"https:\/\/www.decoforcurious.com\/en\/#\/schema\/logo\/image\/\"},\"sameAs\":[\"https:\/\/www.instagram.com\/deco_for_curious\/\"]}]}<\/script>\n<!-- \/ Yoast SEO plugin. -->","yoast_head_json":{"title":"18th Century Basque bed with canopy - Deco for Curious: antig\u00fcedades y muebles vintage","description":"18th Century Basque Bed: Unique piece of polychrome wood with canopy. Discover this antique gem for your home! Click to purchase!","robots":{"index":"index","follow":"follow","max-snippet":"max-snippet:-1","max-image-preview":"max-image-preview:large","max-video-preview":"max-video-preview:-1"},"canonical":"https:\/\/www.decoforcurious.com\/en\/producto\/18th-century-basque-bed-with-elegant-country-house-canopy\/","og_locale":"en_US","og_type":"article","og_title":"18th Century Basque bed with canopy - Deco for Curious: antig\u00fcedades y muebles vintage","og_description":"18th Century Basque Bed: Unique piece of polychrome wood with canopy. Discover this antique gem for your home! Click to purchase!","og_url":"https:\/\/www.decoforcurious.com\/en\/producto\/18th-century-basque-bed-with-elegant-country-house-canopy\/","og_site_name":"Deco for Curious: antig\u00fcedades y muebles vintage","article_modified_time":"2024-05-09T15:22:24+00:00","og_image":[{"width":773,"height":1030,"url":"https:\/\/www.decoforcurious.com\/wp-content\/uploads\/2024\/05\/Dia-JOBAR-IMG_8091-773x1030.jpg","type":"image\/jpeg"}],"twitter_card":"summary_large_image","twitter_misc":{"Est. reading time":"2 minutes"},"schema":{"@context":"https:\/\/schema.org","@graph":[{"@type":"WebPage","@id":"https:\/\/www.decoforcurious.com\/en\/producto\/18th-century-basque-bed-with-elegant-country-house-canopy\/","url":"https:\/\/www.decoforcurious.com\/en\/producto\/18th-century-basque-bed-with-elegant-country-house-canopy\/","name":"18th Century Basque bed with canopy - Deco for Curious: antig\u00fcedades y muebles vintage","isPartOf":{"@id":"https:\/\/www.decoforcurious.com\/en\/#website"},"datePublished":"2024-05-09T11:42:36+00:00","dateModified":"2024-05-09T15:22:24+00:00","description":"18th Century Basque Bed: Unique piece of polychrome wood with canopy. Discover this antique gem for your home! Click to purchase!","breadcrumb":{"@id":"https:\/\/www.decoforcurious.com\/en\/producto\/18th-century-basque-bed-with-elegant-country-house-canopy\/#breadcrumb"},"inLanguage":"en-US","potentialAction":[{"@type":"ReadAction","target":["https:\/\/www.decoforcurious.com\/en\/producto\/18th-century-basque-bed-with-elegant-country-house-canopy\/"]}]},{"@type":"BreadcrumbList","@id":"https:\/\/www.decoforcurious.com\/en\/producto\/18th-century-basque-bed-with-elegant-country-house-canopy\/#breadcrumb","itemListElement":[{"@type":"ListItem","position":1,"name":"Portada","item":"https:\/\/www.decoforcurious.com\/en\/deco-for-curious-antiques-and-vintage-furniture\/"},{"@type":"ListItem","position":2,"name":"Shop","item":"https:\/\/www.decoforcurious.com\/en\/shop\/"},{"@type":"ListItem","position":3,"name":"18th Century Basque bed with canopy"}]},{"@type":"WebSite","@id":"https:\/\/www.decoforcurious.com\/en\/#website","url":"https:\/\/www.decoforcurious.com\/en\/","name":"Deco for Curious: antig\u00fcedades y muebles vintage","description":"En Deco for Curious ofrecemos las mejores antig\u00fcedades, piezas vintage y arte. Cont\u00e1ctanos sin compromiso: barbara@decoforcurious.com","publisher":{"@id":"https:\/\/www.decoforcurious.com\/en\/#organization"},"potentialAction":[{"@type":"SearchAction","target":{"@type":"EntryPoint","urlTemplate":"https:\/\/www.decoforcurious.com\/en\/?s={search_term_string}"},"query-input":"required name=search_term_string"}],"inLanguage":"en-US"},{"@type":"Organization","@id":"https:\/\/www.decoforcurious.com\/en\/#organization","name":"Deco for Curious: antig\u00fcedades y muebles vintage","url":"https:\/\/www.decoforcurious.com\/en\/","logo":{"@type":"ImageObject","inLanguage":"en-US","@id":"https:\/\/www.decoforcurious.com\/en\/#\/schema\/logo\/image\/","url":"https:\/\/www.decoforcurious.com\/wp-content\/uploads\/2024\/02\/icono-menu.png","contentUrl":"https:\/\/www.decoforcurious.com\/wp-content\/uploads\/2024\/02\/icono-menu.png","width":16,"height":53,"caption":"Deco for Curious: antig\u00fcedades y muebles vintage"},"image":{"@id":"https:\/\/www.decoforcurious.com\/en\/#\/schema\/logo\/image\/"},"sameAs":["https:\/\/www.instagram.com\/deco_for_curious\/"]}]}},"_links":{"self":[{"href":"https:\/\/www.decoforcurious.com\/en\/wp-json\/wp\/v2\/product\/8074","targetHints":{"allow":["GET"]}}],"collection":[{"href":"https:\/\/www.decoforcurious.com\/en\/wp-json\/wp\/v2\/product"}],"about":[{"href":"https:\/\/www.decoforcurious.com\/en\/wp-json\/wp\/v2\/types\/product"}],"replies":[{"embeddable":true,"href":"https:\/\/www.decoforcurious.com\/en\/wp-json\/wp\/v2\/comments?post=8074"}],"wp:featuredmedia":[{"embeddable":true,"href":"https:\/\/www.decoforcurious.com\/en\/wp-json\/wp\/v2\/media\/8051"}],"wp:attachment":[{"href":"https:\/\/www.decoforcurious.com\/en\/wp-json\/wp\/v2\/media?parent=8074"}],"wp:term":[{"taxonomy":"product_cat","embeddable":true,"href":"https:\/\/www.decoforcurious.com\/en\/wp-json\/wp\/v2\/product_cat?post=8074"},{"taxonomy":"product_tag","embeddable":true,"href":"https:\/\/www.decoforcurious.com\/en\/wp-json\/wp\/v2\/product_tag?post=8074"}],"curies":[{"name":"wp","href":"https:\/\/api.w.org\/{rel}","templated":true}]}}