{"id":8023,"date":"2024-04-26T12:58:29","date_gmt":"2024-04-26T11:58:29","guid":{"rendered":"https:\/\/www.decoforcurious.com\/?post_type=product&#038;p=8023"},"modified":"2024-04-26T13:14:57","modified_gmt":"2024-04-26T12:14:57","slug":"plate-decorative-hand-painted-bronte","status":"publish","type":"product","link":"https:\/\/www.decoforcurious.com\/en\/producto\/plate-decorative-hand-painted-bronte\/","title":{"rendered":"PLATE DECORATIVE HAND PAINTED &#8211; BRONTE"},"content":{"rendered":"<p><strong>HAND PAINTED DECORATIVE PLATE &#8211; BRONTE<\/strong><\/p>\n<p><strong>ARTIST Carmen Roncero<\/strong><\/p>\n<p>Crafted from white air-drying clay and meticulously hand-painted, this wall plate is a unique piece that will add a touch of art to your home.<\/p>\n<p><strong>Key Features:<\/strong><\/p>\n<ul>\n<li><strong>Material:<\/strong> White air-drying clay.<\/li>\n<li><strong>Hanging method:<\/strong> Equipped with holes on the back for hanging with wire or sturdy rope.<\/li>\n<li><strong>Approximate measurements:<\/strong> 29,5&#215;21<\/li>\n<\/ul>\n<p>Explore m<a href=\"https:\/\/www.decoforcurious.com\/en\/categoria-producto\/art\/oil-painting-artwork\/\" target=\"_blank\" rel=\"noopener\">ore artworks by Carmen Roncero<\/a>! Immerse yourself in our complete collection of unique and original pieces, where each one carries the talent and creativity of this exceptional artist.<\/p>\n<p>&nbsp;<\/p>\n<p>\u2666 More information \u21d3<\/p>\n<p>meta: Hand-painted decorative plate \u2013 BRONTE by Carmen Roncero. This wall plate is a unique piece that will surely stand out in your decor.<\/p>\n<p>\u2666 Further information \u21d3<\/p>\n<div class='avia-iframe-wrap'>\n<blockquote class=\"wp-embedded-content\" data-secret=\"O9TmjVVizF\"><p><a href=\"https:\/\/www.decoforcurious.com\/en\/2023\/03\/22\/face-to-face-with-art-hand-painted-wall-plates\/\">FACE TO FACE WITH ART &#8211; HAND-PAINTED WALL PLATES<\/a><\/p><\/blockquote>\n<p><iframe loading=\"lazy\" class=\"wp-embedded-content\" sandbox=\"allow-scripts\" security=\"restricted\" style=\"position: absolute; clip: rect(1px, 1px, 1px, 1px);\" title=\"&#8220;FACE TO FACE WITH ART &#8211; HAND-PAINTED WALL PLATES&#8221; &#8212; Deco for Curious: antig\u00fcedades y muebles vintage\" src=\"https:\/\/www.decoforcurious.com\/en\/2023\/03\/22\/face-to-face-with-art-hand-painted-wall-plates\/embed\/#?secret=M2BxEYiiII#?secret=O9TmjVVizF\" data-secret=\"O9TmjVVizF\" width=\"600\" height=\"338\" frameborder=\"0\" marginwidth=\"0\" marginheight=\"0\" scrolling=\"no\"><\/iframe><\/div>\n<p>\u2666 Ideas to decorate your walls with plates \u21d3<\/p>\n<div class='avia-iframe-wrap'>\n<blockquote class=\"wp-embedded-content\" data-secret=\"CQcSgI6Odn\"><p><a href=\"https:\/\/www.decoforcurious.com\/en\/2023\/01\/23\/gallery_wall_en\/\">GALLERY WALL<\/a><\/p><\/blockquote>\n<p><iframe loading=\"lazy\" class=\"wp-embedded-content\" sandbox=\"allow-scripts\" security=\"restricted\" style=\"position: absolute; clip: rect(1px, 1px, 1px, 1px);\" title=\"&#8220;GALLERY WALL&#8221; &#8212; Deco for Curious: antig\u00fcedades y muebles vintage\" src=\"https:\/\/www.decoforcurious.com\/en\/2023\/01\/23\/gallery_wall_en\/embed\/#?secret=S8UnDJ6cC8#?secret=CQcSgI6Odn\" data-secret=\"CQcSgI6Odn\" width=\"600\" height=\"338\" frameborder=\"0\" marginwidth=\"0\" marginheight=\"0\" scrolling=\"no\"><\/iframe><\/div>\n","protected":false},"excerpt":{"rendered":"<p>Decorate your home with the artistic charm of this hand-painted decorative plate, named &#8220;BRONTE&#8221; by the talented artist Carmen Roncero. Molded from white air-drying clay, this wall plate stands out as a unique piece destined to enhance your decor with elegance and originality. Each stroke reflects the passion and meticulous care with which Carmen Roncero brings her art to life, turning this plate into an authentic expression of her creativity.<\/p>\n","protected":false},"featured_media":8043,"comment_status":"closed","ping_status":"closed","template":"","meta":[],"product_cat":[162,176,173],"product_tag":[],"class_list":{"0":"post-8023","1":"product","2":"type-product","3":"status-publish","4":"has-post-thumbnail","6":"product_cat-art","7":"product_cat-oil-painting-artwork","8":"product_cat-decorative-plates","10":"first","11":"outofstock","12":"sold-individually","13":"purchasable","14":"product-type-simple"},"yoast_head":"<!-- This site is optimized with the Yoast SEO plugin v22.0 - https:\/\/yoast.com\/wordpress\/plugins\/seo\/ -->\n<title>PLATE DECORATIVE HAND PAINTED - BRONTE - Deco for Curious: antig\u00fcedades y muebles vintage<\/title>\n<meta name=\"description\" content=\"Hand-painted decorative plate &#039;BRONTE&#039; by Carmen Roncero. Don&#039;t miss the chance to have an exclusive piece of art in your home.\" \/>\n<meta name=\"robots\" content=\"index, follow, max-snippet:-1, max-image-preview:large, max-video-preview:-1\" \/>\n<link rel=\"canonical\" href=\"https:\/\/www.decoforcurious.com\/en\/producto\/plate-decorative-hand-painted-bronte\/\" \/>\n<meta property=\"og:locale\" content=\"en_US\" \/>\n<meta property=\"og:type\" content=\"article\" \/>\n<meta property=\"og:title\" content=\"PLATE DECORATIVE HAND PAINTED - BRONTE - Deco for Curious: antig\u00fcedades y muebles vintage\" \/>\n<meta property=\"og:description\" content=\"Hand-painted decorative plate &#039;BRONTE&#039; by Carmen Roncero. Don&#039;t miss the chance to have an exclusive piece of art in your home.\" \/>\n<meta property=\"og:url\" content=\"https:\/\/www.decoforcurious.com\/en\/producto\/plate-decorative-hand-painted-bronte\/\" \/>\n<meta property=\"og:site_name\" content=\"Deco for Curious: antig\u00fcedades y muebles vintage\" \/>\n<meta property=\"article:modified_time\" content=\"2024-04-26T12:14:57+00:00\" \/>\n<meta property=\"og:image\" content=\"https:\/\/www.decoforcurious.com\/wp-content\/uploads\/2024\/04\/Bronte-773x1030.jpg\" \/>\n\t<meta property=\"og:image:width\" content=\"773\" \/>\n\t<meta property=\"og:image:height\" content=\"1030\" \/>\n\t<meta property=\"og:image:type\" content=\"image\/jpeg\" \/>\n<meta name=\"twitter:card\" content=\"summary_large_image\" \/>\n<meta name=\"twitter:label1\" content=\"Est. reading time\" \/>\n\t<meta name=\"twitter:data1\" content=\"1 minute\" \/>\n<script type=\"application\/ld+json\" class=\"yoast-schema-graph\">{\"@context\":\"https:\/\/schema.org\",\"@graph\":[{\"@type\":\"WebPage\",\"@id\":\"https:\/\/www.decoforcurious.com\/en\/producto\/plate-decorative-hand-painted-bronte\/\",\"url\":\"https:\/\/www.decoforcurious.com\/en\/producto\/plate-decorative-hand-painted-bronte\/\",\"name\":\"PLATE DECORATIVE HAND PAINTED - BRONTE - Deco for Curious: antig\u00fcedades y muebles vintage\",\"isPartOf\":{\"@id\":\"https:\/\/www.decoforcurious.com\/en\/#website\"},\"datePublished\":\"2024-04-26T11:58:29+00:00\",\"dateModified\":\"2024-04-26T12:14:57+00:00\",\"description\":\"Hand-painted decorative plate 'BRONTE' by Carmen Roncero. Don't miss the chance to have an exclusive piece of art in your home.\",\"breadcrumb\":{\"@id\":\"https:\/\/www.decoforcurious.com\/en\/producto\/plate-decorative-hand-painted-bronte\/#breadcrumb\"},\"inLanguage\":\"en-US\",\"potentialAction\":[{\"@type\":\"ReadAction\",\"target\":[\"https:\/\/www.decoforcurious.com\/en\/producto\/plate-decorative-hand-painted-bronte\/\"]}]},{\"@type\":\"BreadcrumbList\",\"@id\":\"https:\/\/www.decoforcurious.com\/en\/producto\/plate-decorative-hand-painted-bronte\/#breadcrumb\",\"itemListElement\":[{\"@type\":\"ListItem\",\"position\":1,\"name\":\"Portada\",\"item\":\"https:\/\/www.decoforcurious.com\/en\/deco-for-curious-antiques-and-vintage-furniture\/\"},{\"@type\":\"ListItem\",\"position\":2,\"name\":\"Shop\",\"item\":\"https:\/\/www.decoforcurious.com\/en\/shop\/\"},{\"@type\":\"ListItem\",\"position\":3,\"name\":\"PLATE DECORATIVE HAND PAINTED &#8211; BRONTE\"}]},{\"@type\":\"WebSite\",\"@id\":\"https:\/\/www.decoforcurious.com\/en\/#website\",\"url\":\"https:\/\/www.decoforcurious.com\/en\/\",\"name\":\"Deco for Curious: antig\u00fcedades y muebles vintage\",\"description\":\"En Deco for Curious ofrecemos las mejores antig\u00fcedades, piezas vintage y arte. Cont\u00e1ctanos sin compromiso: barbara@decoforcurious.com\",\"publisher\":{\"@id\":\"https:\/\/www.decoforcurious.com\/en\/#organization\"},\"potentialAction\":[{\"@type\":\"SearchAction\",\"target\":{\"@type\":\"EntryPoint\",\"urlTemplate\":\"https:\/\/www.decoforcurious.com\/en\/?s={search_term_string}\"},\"query-input\":\"required name=search_term_string\"}],\"inLanguage\":\"en-US\"},{\"@type\":\"Organization\",\"@id\":\"https:\/\/www.decoforcurious.com\/en\/#organization\",\"name\":\"Deco for Curious: antig\u00fcedades y muebles vintage\",\"url\":\"https:\/\/www.decoforcurious.com\/en\/\",\"logo\":{\"@type\":\"ImageObject\",\"inLanguage\":\"en-US\",\"@id\":\"https:\/\/www.decoforcurious.com\/en\/#\/schema\/logo\/image\/\",\"url\":\"https:\/\/www.decoforcurious.com\/wp-content\/uploads\/2024\/02\/icono-menu.png\",\"contentUrl\":\"https:\/\/www.decoforcurious.com\/wp-content\/uploads\/2024\/02\/icono-menu.png\",\"width\":16,\"height\":53,\"caption\":\"Deco for Curious: antig\u00fcedades y muebles vintage\"},\"image\":{\"@id\":\"https:\/\/www.decoforcurious.com\/en\/#\/schema\/logo\/image\/\"},\"sameAs\":[\"https:\/\/www.instagram.com\/deco_for_curious\/\"]}]}<\/script>\n<!-- \/ Yoast SEO plugin. -->","yoast_head_json":{"title":"PLATE DECORATIVE HAND PAINTED - BRONTE - Deco for Curious: antig\u00fcedades y muebles vintage","description":"Hand-painted decorative plate 'BRONTE' by Carmen Roncero. Don't miss the chance to have an exclusive piece of art in your home.","robots":{"index":"index","follow":"follow","max-snippet":"max-snippet:-1","max-image-preview":"max-image-preview:large","max-video-preview":"max-video-preview:-1"},"canonical":"https:\/\/www.decoforcurious.com\/en\/producto\/plate-decorative-hand-painted-bronte\/","og_locale":"en_US","og_type":"article","og_title":"PLATE DECORATIVE HAND PAINTED - BRONTE - Deco for Curious: antig\u00fcedades y muebles vintage","og_description":"Hand-painted decorative plate 'BRONTE' by Carmen Roncero. Don't miss the chance to have an exclusive piece of art in your home.","og_url":"https:\/\/www.decoforcurious.com\/en\/producto\/plate-decorative-hand-painted-bronte\/","og_site_name":"Deco for Curious: antig\u00fcedades y muebles vintage","article_modified_time":"2024-04-26T12:14:57+00:00","og_image":[{"width":773,"height":1030,"url":"https:\/\/www.decoforcurious.com\/wp-content\/uploads\/2024\/04\/Bronte-773x1030.jpg","type":"image\/jpeg"}],"twitter_card":"summary_large_image","twitter_misc":{"Est. reading time":"1 minute"},"schema":{"@context":"https:\/\/schema.org","@graph":[{"@type":"WebPage","@id":"https:\/\/www.decoforcurious.com\/en\/producto\/plate-decorative-hand-painted-bronte\/","url":"https:\/\/www.decoforcurious.com\/en\/producto\/plate-decorative-hand-painted-bronte\/","name":"PLATE DECORATIVE HAND PAINTED - BRONTE - Deco for Curious: antig\u00fcedades y muebles vintage","isPartOf":{"@id":"https:\/\/www.decoforcurious.com\/en\/#website"},"datePublished":"2024-04-26T11:58:29+00:00","dateModified":"2024-04-26T12:14:57+00:00","description":"Hand-painted decorative plate 'BRONTE' by Carmen Roncero. Don't miss the chance to have an exclusive piece of art in your home.","breadcrumb":{"@id":"https:\/\/www.decoforcurious.com\/en\/producto\/plate-decorative-hand-painted-bronte\/#breadcrumb"},"inLanguage":"en-US","potentialAction":[{"@type":"ReadAction","target":["https:\/\/www.decoforcurious.com\/en\/producto\/plate-decorative-hand-painted-bronte\/"]}]},{"@type":"BreadcrumbList","@id":"https:\/\/www.decoforcurious.com\/en\/producto\/plate-decorative-hand-painted-bronte\/#breadcrumb","itemListElement":[{"@type":"ListItem","position":1,"name":"Portada","item":"https:\/\/www.decoforcurious.com\/en\/deco-for-curious-antiques-and-vintage-furniture\/"},{"@type":"ListItem","position":2,"name":"Shop","item":"https:\/\/www.decoforcurious.com\/en\/shop\/"},{"@type":"ListItem","position":3,"name":"PLATE DECORATIVE HAND PAINTED &#8211; BRONTE"}]},{"@type":"WebSite","@id":"https:\/\/www.decoforcurious.com\/en\/#website","url":"https:\/\/www.decoforcurious.com\/en\/","name":"Deco for Curious: antig\u00fcedades y muebles vintage","description":"En Deco for Curious ofrecemos las mejores antig\u00fcedades, piezas vintage y arte. Cont\u00e1ctanos sin compromiso: barbara@decoforcurious.com","publisher":{"@id":"https:\/\/www.decoforcurious.com\/en\/#organization"},"potentialAction":[{"@type":"SearchAction","target":{"@type":"EntryPoint","urlTemplate":"https:\/\/www.decoforcurious.com\/en\/?s={search_term_string}"},"query-input":"required name=search_term_string"}],"inLanguage":"en-US"},{"@type":"Organization","@id":"https:\/\/www.decoforcurious.com\/en\/#organization","name":"Deco for Curious: antig\u00fcedades y muebles vintage","url":"https:\/\/www.decoforcurious.com\/en\/","logo":{"@type":"ImageObject","inLanguage":"en-US","@id":"https:\/\/www.decoforcurious.com\/en\/#\/schema\/logo\/image\/","url":"https:\/\/www.decoforcurious.com\/wp-content\/uploads\/2024\/02\/icono-menu.png","contentUrl":"https:\/\/www.decoforcurious.com\/wp-content\/uploads\/2024\/02\/icono-menu.png","width":16,"height":53,"caption":"Deco for Curious: antig\u00fcedades y muebles vintage"},"image":{"@id":"https:\/\/www.decoforcurious.com\/en\/#\/schema\/logo\/image\/"},"sameAs":["https:\/\/www.instagram.com\/deco_for_curious\/"]}]}},"_links":{"self":[{"href":"https:\/\/www.decoforcurious.com\/en\/wp-json\/wp\/v2\/product\/8023","targetHints":{"allow":["GET"]}}],"collection":[{"href":"https:\/\/www.decoforcurious.com\/en\/wp-json\/wp\/v2\/product"}],"about":[{"href":"https:\/\/www.decoforcurious.com\/en\/wp-json\/wp\/v2\/types\/product"}],"replies":[{"embeddable":true,"href":"https:\/\/www.decoforcurious.com\/en\/wp-json\/wp\/v2\/comments?post=8023"}],"wp:featuredmedia":[{"embeddable":true,"href":"https:\/\/www.decoforcurious.com\/en\/wp-json\/wp\/v2\/media\/8043"}],"wp:attachment":[{"href":"https:\/\/www.decoforcurious.com\/en\/wp-json\/wp\/v2\/media?parent=8023"}],"wp:term":[{"taxonomy":"product_cat","embeddable":true,"href":"https:\/\/www.decoforcurious.com\/en\/wp-json\/wp\/v2\/product_cat?post=8023"},{"taxonomy":"product_tag","embeddable":true,"href":"https:\/\/www.decoforcurious.com\/en\/wp-json\/wp\/v2\/product_tag?post=8023"}],"curies":[{"name":"wp","href":"https:\/\/api.w.org\/{rel}","templated":true}]}}