{"id":7470,"date":"2024-03-11T18:28:59","date_gmt":"2024-03-11T17:28:59","guid":{"rendered":"https:\/\/www.decoforcurious.com\/producto\/swedish-antique-folding-table\/"},"modified":"2024-03-11T18:37:27","modified_gmt":"2024-03-11T17:37:27","slug":"antique-swedish-folding-table","status":"publish","type":"product","link":"https:\/\/www.decoforcurious.com\/en\/producto\/antique-swedish-folding-table\/","title":{"rendered":"Swedish antique folding table"},"content":{"rendered":"<p><strong>Swedish antique folding table<\/strong><\/p>\n<p><strong>Antique table &#8211; Antique table &#8211; Antique dining table &#8211; Antique dining table &#8211; Swedish antiques &#8211; Antique dining table &#8211; Antique Swedish table &#8211; Antique dining table &#8211; Vintage table &#8211; Vintage table Gateleg &#8211; Vintage folding table Gateleg &#8211; Vintage folding table<\/strong><\/p>\n<p>Wonderful antique Swedish folding table with a beautiful original patina.<\/p>\n<p>The table has a board on each side and double doors under both. The white paint on the legs is original and it has a natural wood top.<\/p>\n<p>Size:<\/p>\n<p>Closed Length 30cm x Width 104cm<\/p>\n<p>Each board measures Length 73cm Width 104<\/p>\n<p>Height 78cm<\/p>\n<p>Epoch: Beginning of XIX century<\/p>\n<p>Origin: Sweden<\/p>\n","protected":false},"excerpt":{"rendered":"<p>Swedish antique folding table<\/p>\n","protected":false},"featured_media":7444,"comment_status":"closed","ping_status":"closed","template":"","meta":[],"product_cat":[120,147],"product_tag":[],"class_list":{"0":"post-7470","1":"product","2":"type-product","3":"status-publish","4":"has-post-thumbnail","6":"product_cat-furniture","7":"product_cat-tables","9":"first","10":"instock","11":"sold-individually","12":"purchasable","13":"product-type-simple"},"yoast_head":"<!-- This site is optimized with the Yoast SEO plugin v22.0 - https:\/\/yoast.com\/wordpress\/plugins\/seo\/ -->\n<title>Swedish antique folding table - Deco for Curious: antig\u00fcedades y muebles vintage<\/title>\n<meta name=\"description\" content=\"Antique Swedish folding table with original patina\" \/>\n<meta name=\"robots\" content=\"index, follow, max-snippet:-1, max-image-preview:large, max-video-preview:-1\" \/>\n<link rel=\"canonical\" href=\"https:\/\/www.decoforcurious.com\/en\/producto\/antique-swedish-folding-table\/\" \/>\n<meta property=\"og:locale\" content=\"en_US\" \/>\n<meta property=\"og:type\" content=\"article\" \/>\n<meta property=\"og:title\" content=\"Swedish antique folding table - Deco for Curious: antig\u00fcedades y muebles vintage\" \/>\n<meta property=\"og:description\" content=\"Antique Swedish folding table with original patina\" \/>\n<meta property=\"og:url\" content=\"https:\/\/www.decoforcurious.com\/en\/producto\/antique-swedish-folding-table\/\" \/>\n<meta property=\"og:site_name\" content=\"Deco for Curious: antig\u00fcedades y muebles vintage\" \/>\n<meta property=\"article:modified_time\" content=\"2024-03-11T17:37:27+00:00\" \/>\n<meta property=\"og:image\" content=\"https:\/\/www.decoforcurious.com\/wp-content\/uploads\/2024\/03\/Mesa-antigua-sueca-8.jpg\" \/>\n\t<meta property=\"og:image:width\" content=\"2142\" \/>\n\t<meta property=\"og:image:height\" content=\"2142\" \/>\n\t<meta property=\"og:image:type\" content=\"image\/jpeg\" \/>\n<meta name=\"twitter:card\" content=\"summary_large_image\" \/>\n<meta name=\"twitter:label1\" content=\"Est. reading time\" \/>\n\t<meta name=\"twitter:data1\" content=\"1 minute\" \/>\n<script type=\"application\/ld+json\" class=\"yoast-schema-graph\">{\"@context\":\"https:\/\/schema.org\",\"@graph\":[{\"@type\":\"WebPage\",\"@id\":\"https:\/\/www.decoforcurious.com\/en\/producto\/antique-swedish-folding-table\/\",\"url\":\"https:\/\/www.decoforcurious.com\/en\/producto\/antique-swedish-folding-table\/\",\"name\":\"Swedish antique folding table - Deco for Curious: antig\u00fcedades y muebles vintage\",\"isPartOf\":{\"@id\":\"https:\/\/www.decoforcurious.com\/en\/#website\"},\"datePublished\":\"2024-03-11T17:28:59+00:00\",\"dateModified\":\"2024-03-11T17:37:27+00:00\",\"description\":\"Antique Swedish folding table with original patina\",\"breadcrumb\":{\"@id\":\"https:\/\/www.decoforcurious.com\/en\/producto\/antique-swedish-folding-table\/#breadcrumb\"},\"inLanguage\":\"en-US\",\"potentialAction\":[{\"@type\":\"ReadAction\",\"target\":[\"https:\/\/www.decoforcurious.com\/en\/producto\/antique-swedish-folding-table\/\"]}]},{\"@type\":\"BreadcrumbList\",\"@id\":\"https:\/\/www.decoforcurious.com\/en\/producto\/antique-swedish-folding-table\/#breadcrumb\",\"itemListElement\":[{\"@type\":\"ListItem\",\"position\":1,\"name\":\"Portada\",\"item\":\"https:\/\/www.decoforcurious.com\/en\/deco-for-curious-antiques-and-vintage-furniture\/\"},{\"@type\":\"ListItem\",\"position\":2,\"name\":\"Shop\",\"item\":\"https:\/\/www.decoforcurious.com\/en\/shop\/\"},{\"@type\":\"ListItem\",\"position\":3,\"name\":\"Swedish antique folding table\"}]},{\"@type\":\"WebSite\",\"@id\":\"https:\/\/www.decoforcurious.com\/en\/#website\",\"url\":\"https:\/\/www.decoforcurious.com\/en\/\",\"name\":\"Deco for Curious: antig\u00fcedades y muebles vintage\",\"description\":\"En Deco for Curious ofrecemos las mejores antig\u00fcedades, piezas vintage y arte. Cont\u00e1ctanos sin compromiso: barbara@decoforcurious.com\",\"publisher\":{\"@id\":\"https:\/\/www.decoforcurious.com\/en\/#organization\"},\"potentialAction\":[{\"@type\":\"SearchAction\",\"target\":{\"@type\":\"EntryPoint\",\"urlTemplate\":\"https:\/\/www.decoforcurious.com\/en\/?s={search_term_string}\"},\"query-input\":\"required name=search_term_string\"}],\"inLanguage\":\"en-US\"},{\"@type\":\"Organization\",\"@id\":\"https:\/\/www.decoforcurious.com\/en\/#organization\",\"name\":\"Deco for Curious: antig\u00fcedades y muebles vintage\",\"url\":\"https:\/\/www.decoforcurious.com\/en\/\",\"logo\":{\"@type\":\"ImageObject\",\"inLanguage\":\"en-US\",\"@id\":\"https:\/\/www.decoforcurious.com\/en\/#\/schema\/logo\/image\/\",\"url\":\"https:\/\/www.decoforcurious.com\/wp-content\/uploads\/2024\/02\/icono-menu.png\",\"contentUrl\":\"https:\/\/www.decoforcurious.com\/wp-content\/uploads\/2024\/02\/icono-menu.png\",\"width\":16,\"height\":53,\"caption\":\"Deco for Curious: antig\u00fcedades y muebles vintage\"},\"image\":{\"@id\":\"https:\/\/www.decoforcurious.com\/en\/#\/schema\/logo\/image\/\"},\"sameAs\":[\"https:\/\/www.instagram.com\/deco_for_curious\/\"]}]}<\/script>\n<!-- \/ Yoast SEO plugin. -->","yoast_head_json":{"title":"Swedish antique folding table - Deco for Curious: antig\u00fcedades y muebles vintage","description":"Antique Swedish folding table with original patina","robots":{"index":"index","follow":"follow","max-snippet":"max-snippet:-1","max-image-preview":"max-image-preview:large","max-video-preview":"max-video-preview:-1"},"canonical":"https:\/\/www.decoforcurious.com\/en\/producto\/antique-swedish-folding-table\/","og_locale":"en_US","og_type":"article","og_title":"Swedish antique folding table - Deco for Curious: antig\u00fcedades y muebles vintage","og_description":"Antique Swedish folding table with original patina","og_url":"https:\/\/www.decoforcurious.com\/en\/producto\/antique-swedish-folding-table\/","og_site_name":"Deco for Curious: antig\u00fcedades y muebles vintage","article_modified_time":"2024-03-11T17:37:27+00:00","og_image":[{"width":2142,"height":2142,"url":"https:\/\/www.decoforcurious.com\/wp-content\/uploads\/2024\/03\/Mesa-antigua-sueca-8.jpg","type":"image\/jpeg"}],"twitter_card":"summary_large_image","twitter_misc":{"Est. reading time":"1 minute"},"schema":{"@context":"https:\/\/schema.org","@graph":[{"@type":"WebPage","@id":"https:\/\/www.decoforcurious.com\/en\/producto\/antique-swedish-folding-table\/","url":"https:\/\/www.decoforcurious.com\/en\/producto\/antique-swedish-folding-table\/","name":"Swedish antique folding table - Deco for Curious: antig\u00fcedades y muebles vintage","isPartOf":{"@id":"https:\/\/www.decoforcurious.com\/en\/#website"},"datePublished":"2024-03-11T17:28:59+00:00","dateModified":"2024-03-11T17:37:27+00:00","description":"Antique Swedish folding table with original patina","breadcrumb":{"@id":"https:\/\/www.decoforcurious.com\/en\/producto\/antique-swedish-folding-table\/#breadcrumb"},"inLanguage":"en-US","potentialAction":[{"@type":"ReadAction","target":["https:\/\/www.decoforcurious.com\/en\/producto\/antique-swedish-folding-table\/"]}]},{"@type":"BreadcrumbList","@id":"https:\/\/www.decoforcurious.com\/en\/producto\/antique-swedish-folding-table\/#breadcrumb","itemListElement":[{"@type":"ListItem","position":1,"name":"Portada","item":"https:\/\/www.decoforcurious.com\/en\/deco-for-curious-antiques-and-vintage-furniture\/"},{"@type":"ListItem","position":2,"name":"Shop","item":"https:\/\/www.decoforcurious.com\/en\/shop\/"},{"@type":"ListItem","position":3,"name":"Swedish antique folding table"}]},{"@type":"WebSite","@id":"https:\/\/www.decoforcurious.com\/en\/#website","url":"https:\/\/www.decoforcurious.com\/en\/","name":"Deco for Curious: antig\u00fcedades y muebles vintage","description":"En Deco for Curious ofrecemos las mejores antig\u00fcedades, piezas vintage y arte. Cont\u00e1ctanos sin compromiso: barbara@decoforcurious.com","publisher":{"@id":"https:\/\/www.decoforcurious.com\/en\/#organization"},"potentialAction":[{"@type":"SearchAction","target":{"@type":"EntryPoint","urlTemplate":"https:\/\/www.decoforcurious.com\/en\/?s={search_term_string}"},"query-input":"required name=search_term_string"}],"inLanguage":"en-US"},{"@type":"Organization","@id":"https:\/\/www.decoforcurious.com\/en\/#organization","name":"Deco for Curious: antig\u00fcedades y muebles vintage","url":"https:\/\/www.decoforcurious.com\/en\/","logo":{"@type":"ImageObject","inLanguage":"en-US","@id":"https:\/\/www.decoforcurious.com\/en\/#\/schema\/logo\/image\/","url":"https:\/\/www.decoforcurious.com\/wp-content\/uploads\/2024\/02\/icono-menu.png","contentUrl":"https:\/\/www.decoforcurious.com\/wp-content\/uploads\/2024\/02\/icono-menu.png","width":16,"height":53,"caption":"Deco for Curious: antig\u00fcedades y muebles vintage"},"image":{"@id":"https:\/\/www.decoforcurious.com\/en\/#\/schema\/logo\/image\/"},"sameAs":["https:\/\/www.instagram.com\/deco_for_curious\/"]}]}},"_links":{"self":[{"href":"https:\/\/www.decoforcurious.com\/en\/wp-json\/wp\/v2\/product\/7470","targetHints":{"allow":["GET"]}}],"collection":[{"href":"https:\/\/www.decoforcurious.com\/en\/wp-json\/wp\/v2\/product"}],"about":[{"href":"https:\/\/www.decoforcurious.com\/en\/wp-json\/wp\/v2\/types\/product"}],"replies":[{"embeddable":true,"href":"https:\/\/www.decoforcurious.com\/en\/wp-json\/wp\/v2\/comments?post=7470"}],"wp:featuredmedia":[{"embeddable":true,"href":"https:\/\/www.decoforcurious.com\/en\/wp-json\/wp\/v2\/media\/7444"}],"wp:attachment":[{"href":"https:\/\/www.decoforcurious.com\/en\/wp-json\/wp\/v2\/media?parent=7470"}],"wp:term":[{"taxonomy":"product_cat","embeddable":true,"href":"https:\/\/www.decoforcurious.com\/en\/wp-json\/wp\/v2\/product_cat?post=7470"},{"taxonomy":"product_tag","embeddable":true,"href":"https:\/\/www.decoforcurious.com\/en\/wp-json\/wp\/v2\/product_tag?post=7470"}],"curies":[{"name":"wp","href":"https:\/\/api.w.org\/{rel}","templated":true}]}}