{"id":7079,"date":"2024-02-02T18:44:03","date_gmt":"2024-02-02T17:44:03","guid":{"rendered":"https:\/\/www.decoforcurious.com\/producto\/acrylic-painting-on-canvas-night-of-angels-and-stairs\/"},"modified":"2024-02-12T19:23:12","modified_gmt":"2024-02-12T18:23:12","slug":"contemporary-painting","status":"publish","type":"product","link":"https:\/\/www.decoforcurious.com\/en\/producto\/contemporary-painting\/","title":{"rendered":"Acrylic painting on canvas &#8211; Night of angels and stairs"},"content":{"rendered":"<p><strong>Acrylic painting on canvas &#8211; Night of angels and stairs<\/strong><\/p>\n<p><strong>Contemporary paintings &#8211; Contemporary paintings &#8211; Paintings on wood &#8211; Decorative paintings &#8211; Decorative artwork &#8211; Decorative art &#8211; Acrylic painting &#8211; Wall decoration &#8211; Art &#8211; Paintings &#8211; Acrylic painting<\/strong><\/p>\n<p>ARTIST Nita Loves<\/p>\n<p>Title: Night of angels and stairs<\/p>\n<p>Mixed technique painting on canvas<\/p>\n<p>Night of angels and stairs; &#8220;In honor of the angels and stairs that accompany us daily&#8230;&#8221;<\/p>\n<p>Shipment: In tube, without frame<\/p>\n<p>134cm x 118cm<\/p>\n","protected":false},"excerpt":{"rendered":"<p>Mixed technique painting on canvas<\/p>\n","protected":false},"featured_media":7205,"comment_status":"closed","ping_status":"closed","template":"","meta":[],"product_cat":[162,192],"product_tag":[],"class_list":{"0":"post-7079","1":"product","2":"type-product","3":"status-publish","4":"has-post-thumbnail","6":"product_cat-art","7":"product_cat-art-painting","9":"first","10":"instock","11":"sold-individually","12":"purchasable","13":"product-type-simple"},"yoast_head":"<!-- This site is optimized with the Yoast SEO plugin v22.0 - https:\/\/yoast.com\/wordpress\/plugins\/seo\/ -->\n<title>Acrylic painting on canvas - Night of angels and stairs - Deco for Curious: antig\u00fcedades y muebles vintage<\/title>\n<meta name=\"robots\" content=\"index, follow, max-snippet:-1, max-image-preview:large, max-video-preview:-1\" \/>\n<link rel=\"canonical\" href=\"https:\/\/www.decoforcurious.com\/en\/producto\/contemporary-painting\/\" \/>\n<meta property=\"og:locale\" content=\"en_US\" \/>\n<meta property=\"og:type\" content=\"article\" \/>\n<meta property=\"og:title\" content=\"Acrylic painting on canvas - Night of angels and stairs - Deco for Curious: antig\u00fcedades y muebles vintage\" \/>\n<meta property=\"og:description\" content=\"Mixed technique painting on canvas\" \/>\n<meta property=\"og:url\" content=\"https:\/\/www.decoforcurious.com\/en\/producto\/contemporary-painting\/\" \/>\n<meta property=\"og:site_name\" content=\"Deco for Curious: antig\u00fcedades y muebles vintage\" \/>\n<meta property=\"article:modified_time\" content=\"2024-02-12T18:23:12+00:00\" \/>\n<meta property=\"og:image\" content=\"https:\/\/www.decoforcurious.com\/wp-content\/uploads\/2024\/02\/Night-of-angels-and-stairs.-Nita-Loves.-Acrilico-sobre-lienzo.-134-x-118-cm.-986-eu-1-1030x1030.jpg\" \/>\n\t<meta property=\"og:image:width\" content=\"1030\" \/>\n\t<meta property=\"og:image:height\" content=\"1030\" \/>\n\t<meta property=\"og:image:type\" content=\"image\/jpeg\" \/>\n<meta name=\"twitter:card\" content=\"summary_large_image\" \/>\n<script type=\"application\/ld+json\" class=\"yoast-schema-graph\">{\"@context\":\"https:\/\/schema.org\",\"@graph\":[{\"@type\":\"WebPage\",\"@id\":\"https:\/\/www.decoforcurious.com\/en\/producto\/contemporary-painting\/\",\"url\":\"https:\/\/www.decoforcurious.com\/en\/producto\/contemporary-painting\/\",\"name\":\"Acrylic painting on canvas - Night of angels and stairs - Deco for Curious: antig\u00fcedades y muebles vintage\",\"isPartOf\":{\"@id\":\"https:\/\/www.decoforcurious.com\/en\/#website\"},\"datePublished\":\"2024-02-02T17:44:03+00:00\",\"dateModified\":\"2024-02-12T18:23:12+00:00\",\"breadcrumb\":{\"@id\":\"https:\/\/www.decoforcurious.com\/en\/producto\/contemporary-painting\/#breadcrumb\"},\"inLanguage\":\"en-US\",\"potentialAction\":[{\"@type\":\"ReadAction\",\"target\":[\"https:\/\/www.decoforcurious.com\/en\/producto\/contemporary-painting\/\"]}]},{\"@type\":\"BreadcrumbList\",\"@id\":\"https:\/\/www.decoforcurious.com\/en\/producto\/contemporary-painting\/#breadcrumb\",\"itemListElement\":[{\"@type\":\"ListItem\",\"position\":1,\"name\":\"Portada\",\"item\":\"https:\/\/www.decoforcurious.com\/en\/deco-for-curious-antiques-and-vintage-furniture\/\"},{\"@type\":\"ListItem\",\"position\":2,\"name\":\"Shop\",\"item\":\"https:\/\/www.decoforcurious.com\/en\/shop\/\"},{\"@type\":\"ListItem\",\"position\":3,\"name\":\"Acrylic painting on canvas &#8211; Night of angels and stairs\"}]},{\"@type\":\"WebSite\",\"@id\":\"https:\/\/www.decoforcurious.com\/en\/#website\",\"url\":\"https:\/\/www.decoforcurious.com\/en\/\",\"name\":\"Deco for Curious: antig\u00fcedades y muebles vintage\",\"description\":\"En Deco for Curious ofrecemos las mejores antig\u00fcedades, piezas vintage y arte. Cont\u00e1ctanos sin compromiso: barbara@decoforcurious.com\",\"publisher\":{\"@id\":\"https:\/\/www.decoforcurious.com\/en\/#organization\"},\"potentialAction\":[{\"@type\":\"SearchAction\",\"target\":{\"@type\":\"EntryPoint\",\"urlTemplate\":\"https:\/\/www.decoforcurious.com\/en\/?s={search_term_string}\"},\"query-input\":\"required name=search_term_string\"}],\"inLanguage\":\"en-US\"},{\"@type\":\"Organization\",\"@id\":\"https:\/\/www.decoforcurious.com\/en\/#organization\",\"name\":\"Deco for Curious: antig\u00fcedades y muebles vintage\",\"url\":\"https:\/\/www.decoforcurious.com\/en\/\",\"logo\":{\"@type\":\"ImageObject\",\"inLanguage\":\"en-US\",\"@id\":\"https:\/\/www.decoforcurious.com\/en\/#\/schema\/logo\/image\/\",\"url\":\"https:\/\/www.decoforcurious.com\/wp-content\/uploads\/2024\/02\/icono-menu.png\",\"contentUrl\":\"https:\/\/www.decoforcurious.com\/wp-content\/uploads\/2024\/02\/icono-menu.png\",\"width\":16,\"height\":53,\"caption\":\"Deco for Curious: antig\u00fcedades y muebles vintage\"},\"image\":{\"@id\":\"https:\/\/www.decoforcurious.com\/en\/#\/schema\/logo\/image\/\"},\"sameAs\":[\"https:\/\/www.instagram.com\/deco_for_curious\/\"]}]}<\/script>\n<!-- \/ Yoast SEO plugin. -->","yoast_head_json":{"title":"Acrylic painting on canvas - Night of angels and stairs - Deco for Curious: antig\u00fcedades y muebles vintage","robots":{"index":"index","follow":"follow","max-snippet":"max-snippet:-1","max-image-preview":"max-image-preview:large","max-video-preview":"max-video-preview:-1"},"canonical":"https:\/\/www.decoforcurious.com\/en\/producto\/contemporary-painting\/","og_locale":"en_US","og_type":"article","og_title":"Acrylic painting on canvas - Night of angels and stairs - Deco for Curious: antig\u00fcedades y muebles vintage","og_description":"Mixed technique painting on canvas","og_url":"https:\/\/www.decoforcurious.com\/en\/producto\/contemporary-painting\/","og_site_name":"Deco for Curious: antig\u00fcedades y muebles vintage","article_modified_time":"2024-02-12T18:23:12+00:00","og_image":[{"width":1030,"height":1030,"url":"https:\/\/www.decoforcurious.com\/wp-content\/uploads\/2024\/02\/Night-of-angels-and-stairs.-Nita-Loves.-Acrilico-sobre-lienzo.-134-x-118-cm.-986-eu-1-1030x1030.jpg","type":"image\/jpeg"}],"twitter_card":"summary_large_image","schema":{"@context":"https:\/\/schema.org","@graph":[{"@type":"WebPage","@id":"https:\/\/www.decoforcurious.com\/en\/producto\/contemporary-painting\/","url":"https:\/\/www.decoforcurious.com\/en\/producto\/contemporary-painting\/","name":"Acrylic painting on canvas - Night of angels and stairs - Deco for Curious: antig\u00fcedades y muebles vintage","isPartOf":{"@id":"https:\/\/www.decoforcurious.com\/en\/#website"},"datePublished":"2024-02-02T17:44:03+00:00","dateModified":"2024-02-12T18:23:12+00:00","breadcrumb":{"@id":"https:\/\/www.decoforcurious.com\/en\/producto\/contemporary-painting\/#breadcrumb"},"inLanguage":"en-US","potentialAction":[{"@type":"ReadAction","target":["https:\/\/www.decoforcurious.com\/en\/producto\/contemporary-painting\/"]}]},{"@type":"BreadcrumbList","@id":"https:\/\/www.decoforcurious.com\/en\/producto\/contemporary-painting\/#breadcrumb","itemListElement":[{"@type":"ListItem","position":1,"name":"Portada","item":"https:\/\/www.decoforcurious.com\/en\/deco-for-curious-antiques-and-vintage-furniture\/"},{"@type":"ListItem","position":2,"name":"Shop","item":"https:\/\/www.decoforcurious.com\/en\/shop\/"},{"@type":"ListItem","position":3,"name":"Acrylic painting on canvas &#8211; Night of angels and stairs"}]},{"@type":"WebSite","@id":"https:\/\/www.decoforcurious.com\/en\/#website","url":"https:\/\/www.decoforcurious.com\/en\/","name":"Deco for Curious: antig\u00fcedades y muebles vintage","description":"En Deco for Curious ofrecemos las mejores antig\u00fcedades, piezas vintage y arte. Cont\u00e1ctanos sin compromiso: barbara@decoforcurious.com","publisher":{"@id":"https:\/\/www.decoforcurious.com\/en\/#organization"},"potentialAction":[{"@type":"SearchAction","target":{"@type":"EntryPoint","urlTemplate":"https:\/\/www.decoforcurious.com\/en\/?s={search_term_string}"},"query-input":"required name=search_term_string"}],"inLanguage":"en-US"},{"@type":"Organization","@id":"https:\/\/www.decoforcurious.com\/en\/#organization","name":"Deco for Curious: antig\u00fcedades y muebles vintage","url":"https:\/\/www.decoforcurious.com\/en\/","logo":{"@type":"ImageObject","inLanguage":"en-US","@id":"https:\/\/www.decoforcurious.com\/en\/#\/schema\/logo\/image\/","url":"https:\/\/www.decoforcurious.com\/wp-content\/uploads\/2024\/02\/icono-menu.png","contentUrl":"https:\/\/www.decoforcurious.com\/wp-content\/uploads\/2024\/02\/icono-menu.png","width":16,"height":53,"caption":"Deco for Curious: antig\u00fcedades y muebles vintage"},"image":{"@id":"https:\/\/www.decoforcurious.com\/en\/#\/schema\/logo\/image\/"},"sameAs":["https:\/\/www.instagram.com\/deco_for_curious\/"]}]}},"_links":{"self":[{"href":"https:\/\/www.decoforcurious.com\/en\/wp-json\/wp\/v2\/product\/7079","targetHints":{"allow":["GET"]}}],"collection":[{"href":"https:\/\/www.decoforcurious.com\/en\/wp-json\/wp\/v2\/product"}],"about":[{"href":"https:\/\/www.decoforcurious.com\/en\/wp-json\/wp\/v2\/types\/product"}],"replies":[{"embeddable":true,"href":"https:\/\/www.decoforcurious.com\/en\/wp-json\/wp\/v2\/comments?post=7079"}],"wp:featuredmedia":[{"embeddable":true,"href":"https:\/\/www.decoforcurious.com\/en\/wp-json\/wp\/v2\/media\/7205"}],"wp:attachment":[{"href":"https:\/\/www.decoforcurious.com\/en\/wp-json\/wp\/v2\/media?parent=7079"}],"wp:term":[{"taxonomy":"product_cat","embeddable":true,"href":"https:\/\/www.decoforcurious.com\/en\/wp-json\/wp\/v2\/product_cat?post=7079"},{"taxonomy":"product_tag","embeddable":true,"href":"https:\/\/www.decoforcurious.com\/en\/wp-json\/wp\/v2\/product_tag?post=7079"}],"curies":[{"name":"wp","href":"https:\/\/api.w.org\/{rel}","templated":true}]}}