{"id":6222,"date":"2023-12-04T12:58:36","date_gmt":"2023-12-04T11:58:36","guid":{"rendered":"https:\/\/www.decoforcurious.com\/producto\/traditional-kantha-quilt\/"},"modified":"2023-12-23T13:04:59","modified_gmt":"2023-12-23T12:04:59","slug":"traditional-kantha-quilt","status":"publish","type":"product","link":"https:\/\/www.decoforcurious.com\/en\/producto\/traditional-kantha-quilt\/","title":{"rendered":"Traditional Kantha Quilt"},"content":{"rendered":"<p><strong>KANTHA ANTIQUE QUILT<\/strong><\/p>\n<p><strong>Bed quilt. Home textiles. Kantha. Quilt. Patchwork. Indian textiles. Antique textiles. textiles Indian Kantha Quilt. Kantha Quilt. Vintage Kantha. Vintage Quilt. Handmade textiles Bed Plaid. Vintage Plaid<\/strong><\/p>\n<p>Kantha is a traditional Indian fabric that is hand embroidered with different fabrics from old sarees, each piece is unique.<\/p>\n<p>Irregularity is part of the beauty and uniqueness of kanthas, perfect for brightening up a sofa or covering a bed. Combined with a more contemporary look, they bring colour and materials to create an eclectic atmosphere.<\/p>\n<p>Careful, as each piece is an antique, time has left traces of wear and tear that make these handcrafted products unique. We haven&#8217;t selected any products in bad condition, but we love it when a bold patchwork reinforces part of the kantha. The front and back of the kantha may differ greatly, but each model is certainly a unique piece that you won&#8217;t find anywhere else.<\/p>\n<p>Kantha quilts have different patterns on both sides.<\/p>\n<p>Origin: India<\/p>\n<p>Period: 1950s-60s<\/p>\n<p>Measurements: Height 207cms x Width 151cms<\/p>\n","protected":false},"excerpt":{"rendered":"<p>Vintage quilt Kantha<\/p>\n","protected":false},"featured_media":6213,"comment_status":"closed","ping_status":"closed","template":"","meta":[],"product_cat":[154,122],"product_tag":[],"class_list":{"0":"post-6222","1":"product","2":"type-product","3":"status-publish","4":"has-post-thumbnail","6":"product_cat-plaids-quilts-suzannis","7":"product_cat-textile","9":"first","10":"instock","11":"sale","12":"sold-individually","13":"purchasable","14":"product-type-simple"},"yoast_head":"<!-- This site is optimized with the Yoast SEO plugin v22.0 - https:\/\/yoast.com\/wordpress\/plugins\/seo\/ -->\n<title>Traditional Kantha Quilt - Deco for Curious: antig\u00fcedades y muebles vintage<\/title>\n<meta name=\"robots\" content=\"index, follow, max-snippet:-1, max-image-preview:large, max-video-preview:-1\" \/>\n<link rel=\"canonical\" href=\"https:\/\/www.decoforcurious.com\/en\/producto\/traditional-kantha-quilt\/\" \/>\n<meta property=\"og:locale\" content=\"en_US\" \/>\n<meta property=\"og:type\" content=\"article\" \/>\n<meta property=\"og:title\" content=\"Traditional Kantha Quilt - Deco for Curious: antig\u00fcedades y muebles vintage\" \/>\n<meta property=\"og:description\" content=\"Vintage quilt Kantha\" \/>\n<meta property=\"og:url\" content=\"https:\/\/www.decoforcurious.com\/en\/producto\/traditional-kantha-quilt\/\" \/>\n<meta property=\"og:site_name\" content=\"Deco for Curious: antig\u00fcedades y muebles vintage\" \/>\n<meta property=\"article:modified_time\" content=\"2023-12-23T12:04:59+00:00\" \/>\n<meta property=\"og:image\" content=\"https:\/\/www.decoforcurious.com\/wp-content\/uploads\/2023\/12\/Colcha-Kantha-101-2-1030x1030.jpg\" \/>\n\t<meta property=\"og:image:width\" content=\"1030\" \/>\n\t<meta property=\"og:image:height\" content=\"1030\" \/>\n\t<meta property=\"og:image:type\" content=\"image\/jpeg\" \/>\n<meta name=\"twitter:card\" content=\"summary_large_image\" \/>\n<meta name=\"twitter:label1\" content=\"Est. reading time\" \/>\n\t<meta name=\"twitter:data1\" content=\"1 minute\" \/>\n<script type=\"application\/ld+json\" class=\"yoast-schema-graph\">{\"@context\":\"https:\/\/schema.org\",\"@graph\":[{\"@type\":\"WebPage\",\"@id\":\"https:\/\/www.decoforcurious.com\/en\/producto\/traditional-kantha-quilt\/\",\"url\":\"https:\/\/www.decoforcurious.com\/en\/producto\/traditional-kantha-quilt\/\",\"name\":\"Traditional Kantha Quilt - Deco for Curious: antig\u00fcedades y muebles vintage\",\"isPartOf\":{\"@id\":\"https:\/\/www.decoforcurious.com\/en\/#website\"},\"datePublished\":\"2023-12-04T11:58:36+00:00\",\"dateModified\":\"2023-12-23T12:04:59+00:00\",\"breadcrumb\":{\"@id\":\"https:\/\/www.decoforcurious.com\/en\/producto\/traditional-kantha-quilt\/#breadcrumb\"},\"inLanguage\":\"en-US\",\"potentialAction\":[{\"@type\":\"ReadAction\",\"target\":[\"https:\/\/www.decoforcurious.com\/en\/producto\/traditional-kantha-quilt\/\"]}]},{\"@type\":\"BreadcrumbList\",\"@id\":\"https:\/\/www.decoforcurious.com\/en\/producto\/traditional-kantha-quilt\/#breadcrumb\",\"itemListElement\":[{\"@type\":\"ListItem\",\"position\":1,\"name\":\"Portada\",\"item\":\"https:\/\/www.decoforcurious.com\/en\/deco-for-curious-antiques-and-vintage-furniture\/\"},{\"@type\":\"ListItem\",\"position\":2,\"name\":\"Shop\",\"item\":\"https:\/\/www.decoforcurious.com\/en\/shop\/\"},{\"@type\":\"ListItem\",\"position\":3,\"name\":\"Traditional Kantha Quilt\"}]},{\"@type\":\"WebSite\",\"@id\":\"https:\/\/www.decoforcurious.com\/en\/#website\",\"url\":\"https:\/\/www.decoforcurious.com\/en\/\",\"name\":\"Deco for Curious: antig\u00fcedades y muebles vintage\",\"description\":\"En Deco for Curious ofrecemos las mejores antig\u00fcedades, piezas vintage y arte. Cont\u00e1ctanos sin compromiso: barbara@decoforcurious.com\",\"publisher\":{\"@id\":\"https:\/\/www.decoforcurious.com\/en\/#organization\"},\"potentialAction\":[{\"@type\":\"SearchAction\",\"target\":{\"@type\":\"EntryPoint\",\"urlTemplate\":\"https:\/\/www.decoforcurious.com\/en\/?s={search_term_string}\"},\"query-input\":\"required name=search_term_string\"}],\"inLanguage\":\"en-US\"},{\"@type\":\"Organization\",\"@id\":\"https:\/\/www.decoforcurious.com\/en\/#organization\",\"name\":\"Deco for Curious: antig\u00fcedades y muebles vintage\",\"url\":\"https:\/\/www.decoforcurious.com\/en\/\",\"logo\":{\"@type\":\"ImageObject\",\"inLanguage\":\"en-US\",\"@id\":\"https:\/\/www.decoforcurious.com\/en\/#\/schema\/logo\/image\/\",\"url\":\"https:\/\/www.decoforcurious.com\/wp-content\/uploads\/2024\/02\/icono-menu.png\",\"contentUrl\":\"https:\/\/www.decoforcurious.com\/wp-content\/uploads\/2024\/02\/icono-menu.png\",\"width\":16,\"height\":53,\"caption\":\"Deco for Curious: antig\u00fcedades y muebles vintage\"},\"image\":{\"@id\":\"https:\/\/www.decoforcurious.com\/en\/#\/schema\/logo\/image\/\"},\"sameAs\":[\"https:\/\/www.instagram.com\/deco_for_curious\/\"]}]}<\/script>\n<!-- \/ Yoast SEO plugin. -->","yoast_head_json":{"title":"Traditional Kantha Quilt - Deco for Curious: antig\u00fcedades y muebles vintage","robots":{"index":"index","follow":"follow","max-snippet":"max-snippet:-1","max-image-preview":"max-image-preview:large","max-video-preview":"max-video-preview:-1"},"canonical":"https:\/\/www.decoforcurious.com\/en\/producto\/traditional-kantha-quilt\/","og_locale":"en_US","og_type":"article","og_title":"Traditional Kantha Quilt - Deco for Curious: antig\u00fcedades y muebles vintage","og_description":"Vintage quilt Kantha","og_url":"https:\/\/www.decoforcurious.com\/en\/producto\/traditional-kantha-quilt\/","og_site_name":"Deco for Curious: antig\u00fcedades y muebles vintage","article_modified_time":"2023-12-23T12:04:59+00:00","og_image":[{"width":1030,"height":1030,"url":"https:\/\/www.decoforcurious.com\/wp-content\/uploads\/2023\/12\/Colcha-Kantha-101-2-1030x1030.jpg","type":"image\/jpeg"}],"twitter_card":"summary_large_image","twitter_misc":{"Est. reading time":"1 minute"},"schema":{"@context":"https:\/\/schema.org","@graph":[{"@type":"WebPage","@id":"https:\/\/www.decoforcurious.com\/en\/producto\/traditional-kantha-quilt\/","url":"https:\/\/www.decoforcurious.com\/en\/producto\/traditional-kantha-quilt\/","name":"Traditional Kantha Quilt - Deco for Curious: antig\u00fcedades y muebles vintage","isPartOf":{"@id":"https:\/\/www.decoforcurious.com\/en\/#website"},"datePublished":"2023-12-04T11:58:36+00:00","dateModified":"2023-12-23T12:04:59+00:00","breadcrumb":{"@id":"https:\/\/www.decoforcurious.com\/en\/producto\/traditional-kantha-quilt\/#breadcrumb"},"inLanguage":"en-US","potentialAction":[{"@type":"ReadAction","target":["https:\/\/www.decoforcurious.com\/en\/producto\/traditional-kantha-quilt\/"]}]},{"@type":"BreadcrumbList","@id":"https:\/\/www.decoforcurious.com\/en\/producto\/traditional-kantha-quilt\/#breadcrumb","itemListElement":[{"@type":"ListItem","position":1,"name":"Portada","item":"https:\/\/www.decoforcurious.com\/en\/deco-for-curious-antiques-and-vintage-furniture\/"},{"@type":"ListItem","position":2,"name":"Shop","item":"https:\/\/www.decoforcurious.com\/en\/shop\/"},{"@type":"ListItem","position":3,"name":"Traditional Kantha Quilt"}]},{"@type":"WebSite","@id":"https:\/\/www.decoforcurious.com\/en\/#website","url":"https:\/\/www.decoforcurious.com\/en\/","name":"Deco for Curious: antig\u00fcedades y muebles vintage","description":"En Deco for Curious ofrecemos las mejores antig\u00fcedades, piezas vintage y arte. Cont\u00e1ctanos sin compromiso: barbara@decoforcurious.com","publisher":{"@id":"https:\/\/www.decoforcurious.com\/en\/#organization"},"potentialAction":[{"@type":"SearchAction","target":{"@type":"EntryPoint","urlTemplate":"https:\/\/www.decoforcurious.com\/en\/?s={search_term_string}"},"query-input":"required name=search_term_string"}],"inLanguage":"en-US"},{"@type":"Organization","@id":"https:\/\/www.decoforcurious.com\/en\/#organization","name":"Deco for Curious: antig\u00fcedades y muebles vintage","url":"https:\/\/www.decoforcurious.com\/en\/","logo":{"@type":"ImageObject","inLanguage":"en-US","@id":"https:\/\/www.decoforcurious.com\/en\/#\/schema\/logo\/image\/","url":"https:\/\/www.decoforcurious.com\/wp-content\/uploads\/2024\/02\/icono-menu.png","contentUrl":"https:\/\/www.decoforcurious.com\/wp-content\/uploads\/2024\/02\/icono-menu.png","width":16,"height":53,"caption":"Deco for Curious: antig\u00fcedades y muebles vintage"},"image":{"@id":"https:\/\/www.decoforcurious.com\/en\/#\/schema\/logo\/image\/"},"sameAs":["https:\/\/www.instagram.com\/deco_for_curious\/"]}]}},"_links":{"self":[{"href":"https:\/\/www.decoforcurious.com\/en\/wp-json\/wp\/v2\/product\/6222","targetHints":{"allow":["GET"]}}],"collection":[{"href":"https:\/\/www.decoforcurious.com\/en\/wp-json\/wp\/v2\/product"}],"about":[{"href":"https:\/\/www.decoforcurious.com\/en\/wp-json\/wp\/v2\/types\/product"}],"replies":[{"embeddable":true,"href":"https:\/\/www.decoforcurious.com\/en\/wp-json\/wp\/v2\/comments?post=6222"}],"wp:featuredmedia":[{"embeddable":true,"href":"https:\/\/www.decoforcurious.com\/en\/wp-json\/wp\/v2\/media\/6213"}],"wp:attachment":[{"href":"https:\/\/www.decoforcurious.com\/en\/wp-json\/wp\/v2\/media?parent=6222"}],"wp:term":[{"taxonomy":"product_cat","embeddable":true,"href":"https:\/\/www.decoforcurious.com\/en\/wp-json\/wp\/v2\/product_cat?post=6222"},{"taxonomy":"product_tag","embeddable":true,"href":"https:\/\/www.decoforcurious.com\/en\/wp-json\/wp\/v2\/product_tag?post=6222"}],"curies":[{"name":"wp","href":"https:\/\/api.w.org\/{rel}","templated":true}]}}