{"id":4659,"date":"2023-06-27T12:00:50","date_gmt":"2023-06-27T11:00:50","guid":{"rendered":"https:\/\/www.decoforcurious.com\/producto\/oil-painting-on-paper\/"},"modified":"2023-07-14T12:00:50","modified_gmt":"2023-07-14T12:00:50","slug":"oil-painting-on-paper-clouds","status":"publish","type":"product","link":"https:\/\/www.decoforcurious.com\/en\/producto\/oil-painting-on-paper-clouds\/","title":{"rendered":"Oil painting on paper"},"content":{"rendered":"<p><strong>Oil painting on paper<\/strong><\/p>\n<p><strong>Abstract landscape<\/strong><\/p>\n<p>Exhibition: The dematerialised landscape, Plasencia 2023.<\/p>\n<p>ARTIST Carmen Roncero<\/p>\n<p>Oil painting on paper<\/p>\n<p>Blue Cloud<\/p>\n<p>Measurements: 18cm x 13cm<\/p>\n<p>\u2666 Interview to Carmen Roncero \u21d3<\/p>\n<div class='avia-iframe-wrap'>\n<blockquote class=\"wp-embedded-content\" data-secret=\"4VFlZxG0rk\"><p><a href=\"https:\/\/www.decoforcurious.com\/en\/2023\/03\/22\/face-to-face-with-art-hand-painted-wall-plates\/\">CARA A CARA CON EL ARTE: PLATOS DE PARED PINTADOS A MANO<\/a><\/p><\/blockquote>\n<p><iframe loading=\"lazy\" class=\"wp-embedded-content\" sandbox=\"allow-scripts\" security=\"restricted\" style=\"position: absolute; clip: rect(1px, 1px, 1px, 1px);\" title=\"&#8220;CARA A CARA CON EL ARTE: PLATOS DE PARED PINTADOS A MANO&#8221; &#8212; Deco for Curious: antig\u00fcedades y muebles vintage\" src=\"https:\/\/www.decoforcurious.com\/en\/2023\/03\/22\/face-to-face-with-art-hand-painted-wall-plates\/embed\/#?secret=BdqMFYcCTQ#?secret=4VFlZxG0rk\" data-secret=\"4VFlZxG0rk\" width=\"600\" height=\"338\" frameborder=\"0\" marginwidth=\"0\" marginheight=\"0\" scrolling=\"no\"><\/iframe><\/div>\n<p>\u2666 Exhibition Information \u21d3<\/p>\n<p><a href=\"https:\/\/www.europapress.es\/extremadura\/caceres.html\">https:\/\/www.europapress.es\/extremadura\/caceres-provincial-00712\/noticia-complejo-cultural-santa-maria-plasencia-ofrece-exposicion-paisaje-desmaterializado-carmen-roncero-20230411110427.html<\/a><\/p>\n<p>\u2666 Carmen Roncero in the news on Televisi\u00f3n Espa\u00f1ola \u21d3<\/p>\n<div class='avia-iframe-wrap'><iframe loading=\"lazy\" title=\"El Paisaje Desmaterializado de Carmen Roncero - (2023 Abril)\" width=\"1500\" height=\"844\" src=\"https:\/\/www.youtube.com\/embed\/CmRCamEnGvo?feature=oembed\" frameborder=\"0\" allow=\"accelerometer; autoplay; clipboard-write; encrypted-media; gyroscope; picture-in-picture; web-share\" allowfullscreen><\/iframe><\/div>\n<p>&nbsp;<\/p>\n","protected":false},"excerpt":{"rendered":"<p>Oil painting on paper<\/p>\n","protected":false},"featured_media":4651,"comment_status":"closed","ping_status":"closed","template":"","meta":[],"product_cat":[162,176],"product_tag":[],"class_list":{"0":"post-4659","1":"product","2":"type-product","3":"status-publish","4":"has-post-thumbnail","6":"product_cat-art","7":"product_cat-oil-painting-artwork","9":"first","10":"instock","11":"sold-individually","12":"purchasable","13":"product-type-simple"},"yoast_head":"<!-- This site is optimized with the Yoast SEO plugin v22.0 - https:\/\/yoast.com\/wordpress\/plugins\/seo\/ -->\n<title>Oil painting on paper - Deco for Curious: antig\u00fcedades y muebles vintage<\/title>\n<meta name=\"robots\" content=\"index, follow, max-snippet:-1, max-image-preview:large, max-video-preview:-1\" \/>\n<link rel=\"canonical\" href=\"https:\/\/www.decoforcurious.com\/en\/producto\/oil-painting-on-paper-clouds\/\" \/>\n<meta property=\"og:locale\" content=\"en_US\" \/>\n<meta property=\"og:type\" content=\"article\" \/>\n<meta property=\"og:title\" content=\"Oil painting on paper - Deco for Curious: antig\u00fcedades y muebles vintage\" \/>\n<meta property=\"og:description\" content=\"Oil painting on paper\" \/>\n<meta property=\"og:url\" content=\"https:\/\/www.decoforcurious.com\/en\/producto\/oil-painting-on-paper-clouds\/\" \/>\n<meta property=\"og:site_name\" content=\"Deco for Curious: antig\u00fcedades y muebles vintage\" \/>\n<meta property=\"article:modified_time\" content=\"2023-07-14T12:00:50+00:00\" \/>\n<meta property=\"og:image\" content=\"https:\/\/www.decoforcurious.com\/wp-content\/uploads\/2023\/07\/Oleo-sobre-papel-Nube-pequena-azul-18-x-13-.jpg\" \/>\n\t<meta property=\"og:image:width\" content=\"1094\" \/>\n\t<meta property=\"og:image:height\" content=\"1584\" \/>\n\t<meta property=\"og:image:type\" content=\"image\/jpeg\" \/>\n<meta name=\"twitter:card\" content=\"summary_large_image\" \/>\n<script type=\"application\/ld+json\" class=\"yoast-schema-graph\">{\"@context\":\"https:\/\/schema.org\",\"@graph\":[{\"@type\":\"WebPage\",\"@id\":\"https:\/\/www.decoforcurious.com\/en\/producto\/oil-painting-on-paper-clouds\/\",\"url\":\"https:\/\/www.decoforcurious.com\/en\/producto\/oil-painting-on-paper-clouds\/\",\"name\":\"Oil painting on paper - Deco for Curious: antig\u00fcedades y muebles vintage\",\"isPartOf\":{\"@id\":\"https:\/\/www.decoforcurious.com\/en\/#website\"},\"datePublished\":\"2023-06-27T11:00:50+00:00\",\"dateModified\":\"2023-07-14T12:00:50+00:00\",\"breadcrumb\":{\"@id\":\"https:\/\/www.decoforcurious.com\/en\/producto\/oil-painting-on-paper-clouds\/#breadcrumb\"},\"inLanguage\":\"en-US\",\"potentialAction\":[{\"@type\":\"ReadAction\",\"target\":[\"https:\/\/www.decoforcurious.com\/en\/producto\/oil-painting-on-paper-clouds\/\"]}]},{\"@type\":\"BreadcrumbList\",\"@id\":\"https:\/\/www.decoforcurious.com\/en\/producto\/oil-painting-on-paper-clouds\/#breadcrumb\",\"itemListElement\":[{\"@type\":\"ListItem\",\"position\":1,\"name\":\"Portada\",\"item\":\"https:\/\/www.decoforcurious.com\/en\/deco-for-curious-antiques-and-vintage-furniture\/\"},{\"@type\":\"ListItem\",\"position\":2,\"name\":\"Shop\",\"item\":\"https:\/\/www.decoforcurious.com\/en\/shop\/\"},{\"@type\":\"ListItem\",\"position\":3,\"name\":\"Oil painting on paper\"}]},{\"@type\":\"WebSite\",\"@id\":\"https:\/\/www.decoforcurious.com\/en\/#website\",\"url\":\"https:\/\/www.decoforcurious.com\/en\/\",\"name\":\"Deco for Curious: antig\u00fcedades y muebles vintage\",\"description\":\"En Deco for Curious ofrecemos las mejores antig\u00fcedades, piezas vintage y arte. Cont\u00e1ctanos sin compromiso: barbara@decoforcurious.com\",\"publisher\":{\"@id\":\"https:\/\/www.decoforcurious.com\/en\/#organization\"},\"potentialAction\":[{\"@type\":\"SearchAction\",\"target\":{\"@type\":\"EntryPoint\",\"urlTemplate\":\"https:\/\/www.decoforcurious.com\/en\/?s={search_term_string}\"},\"query-input\":\"required name=search_term_string\"}],\"inLanguage\":\"en-US\"},{\"@type\":\"Organization\",\"@id\":\"https:\/\/www.decoforcurious.com\/en\/#organization\",\"name\":\"Deco for Curious: antig\u00fcedades y muebles vintage\",\"url\":\"https:\/\/www.decoforcurious.com\/en\/\",\"logo\":{\"@type\":\"ImageObject\",\"inLanguage\":\"en-US\",\"@id\":\"https:\/\/www.decoforcurious.com\/en\/#\/schema\/logo\/image\/\",\"url\":\"https:\/\/www.decoforcurious.com\/wp-content\/uploads\/2024\/02\/icono-menu.png\",\"contentUrl\":\"https:\/\/www.decoforcurious.com\/wp-content\/uploads\/2024\/02\/icono-menu.png\",\"width\":16,\"height\":53,\"caption\":\"Deco for Curious: antig\u00fcedades y muebles vintage\"},\"image\":{\"@id\":\"https:\/\/www.decoforcurious.com\/en\/#\/schema\/logo\/image\/\"},\"sameAs\":[\"https:\/\/www.instagram.com\/deco_for_curious\/\"]}]}<\/script>\n<!-- \/ Yoast SEO plugin. -->","yoast_head_json":{"title":"Oil painting on paper - Deco for Curious: antig\u00fcedades y muebles vintage","robots":{"index":"index","follow":"follow","max-snippet":"max-snippet:-1","max-image-preview":"max-image-preview:large","max-video-preview":"max-video-preview:-1"},"canonical":"https:\/\/www.decoforcurious.com\/en\/producto\/oil-painting-on-paper-clouds\/","og_locale":"en_US","og_type":"article","og_title":"Oil painting on paper - Deco for Curious: antig\u00fcedades y muebles vintage","og_description":"Oil painting on paper","og_url":"https:\/\/www.decoforcurious.com\/en\/producto\/oil-painting-on-paper-clouds\/","og_site_name":"Deco for Curious: antig\u00fcedades y muebles vintage","article_modified_time":"2023-07-14T12:00:50+00:00","og_image":[{"width":1094,"height":1584,"url":"https:\/\/www.decoforcurious.com\/wp-content\/uploads\/2023\/07\/Oleo-sobre-papel-Nube-pequena-azul-18-x-13-.jpg","type":"image\/jpeg"}],"twitter_card":"summary_large_image","schema":{"@context":"https:\/\/schema.org","@graph":[{"@type":"WebPage","@id":"https:\/\/www.decoforcurious.com\/en\/producto\/oil-painting-on-paper-clouds\/","url":"https:\/\/www.decoforcurious.com\/en\/producto\/oil-painting-on-paper-clouds\/","name":"Oil painting on paper - Deco for Curious: antig\u00fcedades y muebles vintage","isPartOf":{"@id":"https:\/\/www.decoforcurious.com\/en\/#website"},"datePublished":"2023-06-27T11:00:50+00:00","dateModified":"2023-07-14T12:00:50+00:00","breadcrumb":{"@id":"https:\/\/www.decoforcurious.com\/en\/producto\/oil-painting-on-paper-clouds\/#breadcrumb"},"inLanguage":"en-US","potentialAction":[{"@type":"ReadAction","target":["https:\/\/www.decoforcurious.com\/en\/producto\/oil-painting-on-paper-clouds\/"]}]},{"@type":"BreadcrumbList","@id":"https:\/\/www.decoforcurious.com\/en\/producto\/oil-painting-on-paper-clouds\/#breadcrumb","itemListElement":[{"@type":"ListItem","position":1,"name":"Portada","item":"https:\/\/www.decoforcurious.com\/en\/deco-for-curious-antiques-and-vintage-furniture\/"},{"@type":"ListItem","position":2,"name":"Shop","item":"https:\/\/www.decoforcurious.com\/en\/shop\/"},{"@type":"ListItem","position":3,"name":"Oil painting on paper"}]},{"@type":"WebSite","@id":"https:\/\/www.decoforcurious.com\/en\/#website","url":"https:\/\/www.decoforcurious.com\/en\/","name":"Deco for Curious: antig\u00fcedades y muebles vintage","description":"En Deco for Curious ofrecemos las mejores antig\u00fcedades, piezas vintage y arte. Cont\u00e1ctanos sin compromiso: barbara@decoforcurious.com","publisher":{"@id":"https:\/\/www.decoforcurious.com\/en\/#organization"},"potentialAction":[{"@type":"SearchAction","target":{"@type":"EntryPoint","urlTemplate":"https:\/\/www.decoforcurious.com\/en\/?s={search_term_string}"},"query-input":"required name=search_term_string"}],"inLanguage":"en-US"},{"@type":"Organization","@id":"https:\/\/www.decoforcurious.com\/en\/#organization","name":"Deco for Curious: antig\u00fcedades y muebles vintage","url":"https:\/\/www.decoforcurious.com\/en\/","logo":{"@type":"ImageObject","inLanguage":"en-US","@id":"https:\/\/www.decoforcurious.com\/en\/#\/schema\/logo\/image\/","url":"https:\/\/www.decoforcurious.com\/wp-content\/uploads\/2024\/02\/icono-menu.png","contentUrl":"https:\/\/www.decoforcurious.com\/wp-content\/uploads\/2024\/02\/icono-menu.png","width":16,"height":53,"caption":"Deco for Curious: antig\u00fcedades y muebles vintage"},"image":{"@id":"https:\/\/www.decoforcurious.com\/en\/#\/schema\/logo\/image\/"},"sameAs":["https:\/\/www.instagram.com\/deco_for_curious\/"]}]}},"_links":{"self":[{"href":"https:\/\/www.decoforcurious.com\/en\/wp-json\/wp\/v2\/product\/4659","targetHints":{"allow":["GET"]}}],"collection":[{"href":"https:\/\/www.decoforcurious.com\/en\/wp-json\/wp\/v2\/product"}],"about":[{"href":"https:\/\/www.decoforcurious.com\/en\/wp-json\/wp\/v2\/types\/product"}],"replies":[{"embeddable":true,"href":"https:\/\/www.decoforcurious.com\/en\/wp-json\/wp\/v2\/comments?post=4659"}],"wp:featuredmedia":[{"embeddable":true,"href":"https:\/\/www.decoforcurious.com\/en\/wp-json\/wp\/v2\/media\/4651"}],"wp:attachment":[{"href":"https:\/\/www.decoforcurious.com\/en\/wp-json\/wp\/v2\/media?parent=4659"}],"wp:term":[{"taxonomy":"product_cat","embeddable":true,"href":"https:\/\/www.decoforcurious.com\/en\/wp-json\/wp\/v2\/product_cat?post=4659"},{"taxonomy":"product_tag","embeddable":true,"href":"https:\/\/www.decoforcurious.com\/en\/wp-json\/wp\/v2\/product_tag?post=4659"}],"curies":[{"name":"wp","href":"https:\/\/api.w.org\/{rel}","templated":true}]}}