{"id":3661,"date":"2023-06-02T10:35:04","date_gmt":"2023-06-02T09:35:04","guid":{"rendered":"https:\/\/www.decoforcurious.com\/producto\/antique-patchwork-kutch-tapestry-guyarat-india\/"},"modified":"2023-12-23T13:43:32","modified_gmt":"2023-12-23T12:43:32","slug":"antique-patchwork-kutch-tapestry-india","status":"publish","type":"product","link":"https:\/\/www.decoforcurious.com\/en\/producto\/antique-patchwork-kutch-tapestry-india\/","title":{"rendered":"Antique patchwork Kutch tapestry &#8211; Guyarat, India"},"content":{"rendered":"<p><strong>Indian old patchwork Kutch. Wall hanging<\/strong><\/p>\n<p><strong>Wall tapestry, Wall hanging, Vintage Kutch Indian, Tapestry Wall Art, Patchwork embroidery<\/strong><\/p>\n<p>Wonderful 19th century antique wall tapestry hand-embroidered in Gujarat, India.<\/p>\n<p>It is in magnificent condition despite its age, having been renovated by hand in the 1950s.<\/p>\n<p>The colour of this tapestry is exceptional and rare, as the vast majority of tapestries from this period are reddish in colour.<\/p>\n<p>Because of its unique condition associated with the craftsmanship behind each piece and its age, no two are alike, it is an absolutely unique piece.<\/p>\n<p>This product is an exceptional piece and has excellent preservation.<\/p>\n<p>These magnificent embroideries come from the Kutch region, a district in the state of Gujarat, India. The characteristic effect of the colourful embroidery shines through when small mirrors are stitched onto the designs. Many of Kutch&#8217;s embroideries are influenced by various architectural designs and motifs. Embroidered fabrics are used for festive occasions and to decorate deities, so animals and figures of Indian gods and goddesses feature prominently in the design.<\/p>\n<p>Vintage Patchwork is a technique in which different pieces of fabric are taken and put together to form something different. In this wall decoration beautiful pieces of colourful vintage fabric patches were put together. This Kutch Shisha textile can be framed or hung on the wall.<\/p>\n<p>Period: 1850<\/p>\n<p>Measurements: Height 195cm x Width 145cm<\/p>\n<p>Conservation: Very good<\/p>\n","protected":false},"excerpt":{"rendered":"<p>Indian old patchwork Kutch. Wall hanging Wall tapestry, Wall hanging, Vintage Kutch Indian, Tapestry Wall Art, Patchwork embroidery Wonderful 19th century antique wall tapestry hand-embroidered in Gujarat, India. It is in magnificent condition despite its age, having been renovated by hand in the 1950s. The colour of this tapestry is exceptional and rare, as the [&hellip;]<\/p>\n","protected":false},"featured_media":3643,"comment_status":"closed","ping_status":"closed","template":"","meta":[],"product_cat":[154,122],"product_tag":[],"class_list":{"0":"post-3661","1":"product","2":"type-product","3":"status-publish","4":"has-post-thumbnail","6":"product_cat-plaids-quilts-suzannis","7":"product_cat-textile","9":"first","10":"instock","11":"sold-individually","12":"purchasable","13":"product-type-simple"},"yoast_head":"<!-- This site is optimized with the Yoast SEO plugin v22.0 - https:\/\/yoast.com\/wordpress\/plugins\/seo\/ -->\n<title>Antique patchwork Kutch tapestry - Guyarat, India - Deco for Curious: antig\u00fcedades y muebles vintage<\/title>\n<meta name=\"robots\" content=\"index, follow, max-snippet:-1, max-image-preview:large, max-video-preview:-1\" \/>\n<link rel=\"canonical\" href=\"https:\/\/www.decoforcurious.com\/en\/producto\/antique-patchwork-kutch-tapestry-india\/\" \/>\n<meta property=\"og:locale\" content=\"en_US\" \/>\n<meta property=\"og:type\" content=\"article\" \/>\n<meta property=\"og:title\" content=\"Antique patchwork Kutch tapestry - Guyarat, India - Deco for Curious: antig\u00fcedades y muebles vintage\" \/>\n<meta property=\"og:description\" content=\"Indian old patchwork Kutch. Wall hanging Wall tapestry, Wall hanging, Vintage Kutch Indian, Tapestry Wall Art, Patchwork embroidery Wonderful 19th century antique wall tapestry hand-embroidered in Gujarat, India. It is in magnificent condition despite its age, having been renovated by hand in the 1950s. The colour of this tapestry is exceptional and rare, as the [&hellip;]\" \/>\n<meta property=\"og:url\" content=\"https:\/\/www.decoforcurious.com\/en\/producto\/antique-patchwork-kutch-tapestry-india\/\" \/>\n<meta property=\"og:site_name\" content=\"Deco for Curious: antig\u00fcedades y muebles vintage\" \/>\n<meta property=\"article:modified_time\" content=\"2023-12-23T12:43:32+00:00\" \/>\n<meta property=\"og:image\" content=\"https:\/\/www.decoforcurious.com\/wp-content\/uploads\/2023\/06\/Tapiz-antiguo-Indio.2-768x793.jpg\" \/>\n\t<meta property=\"og:image:width\" content=\"768\" \/>\n\t<meta property=\"og:image:height\" content=\"793\" \/>\n\t<meta property=\"og:image:type\" content=\"image\/jpeg\" \/>\n<meta name=\"twitter:card\" content=\"summary_large_image\" \/>\n<meta name=\"twitter:label1\" content=\"Est. reading time\" \/>\n\t<meta name=\"twitter:data1\" content=\"1 minute\" \/>\n<script type=\"application\/ld+json\" class=\"yoast-schema-graph\">{\"@context\":\"https:\/\/schema.org\",\"@graph\":[{\"@type\":\"WebPage\",\"@id\":\"https:\/\/www.decoforcurious.com\/en\/producto\/antique-patchwork-kutch-tapestry-india\/\",\"url\":\"https:\/\/www.decoforcurious.com\/en\/producto\/antique-patchwork-kutch-tapestry-india\/\",\"name\":\"Antique patchwork Kutch tapestry - Guyarat, India - Deco for Curious: antig\u00fcedades y muebles vintage\",\"isPartOf\":{\"@id\":\"https:\/\/www.decoforcurious.com\/en\/#website\"},\"datePublished\":\"2023-06-02T09:35:04+00:00\",\"dateModified\":\"2023-12-23T12:43:32+00:00\",\"breadcrumb\":{\"@id\":\"https:\/\/www.decoforcurious.com\/en\/producto\/antique-patchwork-kutch-tapestry-india\/#breadcrumb\"},\"inLanguage\":\"en-US\",\"potentialAction\":[{\"@type\":\"ReadAction\",\"target\":[\"https:\/\/www.decoforcurious.com\/en\/producto\/antique-patchwork-kutch-tapestry-india\/\"]}]},{\"@type\":\"BreadcrumbList\",\"@id\":\"https:\/\/www.decoforcurious.com\/en\/producto\/antique-patchwork-kutch-tapestry-india\/#breadcrumb\",\"itemListElement\":[{\"@type\":\"ListItem\",\"position\":1,\"name\":\"Portada\",\"item\":\"https:\/\/www.decoforcurious.com\/en\/deco-for-curious-antiques-and-vintage-furniture\/\"},{\"@type\":\"ListItem\",\"position\":2,\"name\":\"Shop\",\"item\":\"https:\/\/www.decoforcurious.com\/en\/shop\/\"},{\"@type\":\"ListItem\",\"position\":3,\"name\":\"Antique patchwork Kutch tapestry &#8211; Guyarat, India\"}]},{\"@type\":\"WebSite\",\"@id\":\"https:\/\/www.decoforcurious.com\/en\/#website\",\"url\":\"https:\/\/www.decoforcurious.com\/en\/\",\"name\":\"Deco for Curious: antig\u00fcedades y muebles vintage\",\"description\":\"En Deco for Curious ofrecemos las mejores antig\u00fcedades, piezas vintage y arte. Cont\u00e1ctanos sin compromiso: barbara@decoforcurious.com\",\"publisher\":{\"@id\":\"https:\/\/www.decoforcurious.com\/en\/#organization\"},\"potentialAction\":[{\"@type\":\"SearchAction\",\"target\":{\"@type\":\"EntryPoint\",\"urlTemplate\":\"https:\/\/www.decoforcurious.com\/en\/?s={search_term_string}\"},\"query-input\":\"required name=search_term_string\"}],\"inLanguage\":\"en-US\"},{\"@type\":\"Organization\",\"@id\":\"https:\/\/www.decoforcurious.com\/en\/#organization\",\"name\":\"Deco for Curious: antig\u00fcedades y muebles vintage\",\"url\":\"https:\/\/www.decoforcurious.com\/en\/\",\"logo\":{\"@type\":\"ImageObject\",\"inLanguage\":\"en-US\",\"@id\":\"https:\/\/www.decoforcurious.com\/en\/#\/schema\/logo\/image\/\",\"url\":\"https:\/\/www.decoforcurious.com\/wp-content\/uploads\/2024\/02\/icono-menu.png\",\"contentUrl\":\"https:\/\/www.decoforcurious.com\/wp-content\/uploads\/2024\/02\/icono-menu.png\",\"width\":16,\"height\":53,\"caption\":\"Deco for Curious: antig\u00fcedades y muebles vintage\"},\"image\":{\"@id\":\"https:\/\/www.decoforcurious.com\/en\/#\/schema\/logo\/image\/\"},\"sameAs\":[\"https:\/\/www.instagram.com\/deco_for_curious\/\"]}]}<\/script>\n<!-- \/ Yoast SEO plugin. -->","yoast_head_json":{"title":"Antique patchwork Kutch tapestry - Guyarat, India - Deco for Curious: antig\u00fcedades y muebles vintage","robots":{"index":"index","follow":"follow","max-snippet":"max-snippet:-1","max-image-preview":"max-image-preview:large","max-video-preview":"max-video-preview:-1"},"canonical":"https:\/\/www.decoforcurious.com\/en\/producto\/antique-patchwork-kutch-tapestry-india\/","og_locale":"en_US","og_type":"article","og_title":"Antique patchwork Kutch tapestry - Guyarat, India - Deco for Curious: antig\u00fcedades y muebles vintage","og_description":"Indian old patchwork Kutch. Wall hanging Wall tapestry, Wall hanging, Vintage Kutch Indian, Tapestry Wall Art, Patchwork embroidery Wonderful 19th century antique wall tapestry hand-embroidered in Gujarat, India. It is in magnificent condition despite its age, having been renovated by hand in the 1950s. The colour of this tapestry is exceptional and rare, as the [&hellip;]","og_url":"https:\/\/www.decoforcurious.com\/en\/producto\/antique-patchwork-kutch-tapestry-india\/","og_site_name":"Deco for Curious: antig\u00fcedades y muebles vintage","article_modified_time":"2023-12-23T12:43:32+00:00","og_image":[{"width":768,"height":793,"url":"https:\/\/www.decoforcurious.com\/wp-content\/uploads\/2023\/06\/Tapiz-antiguo-Indio.2-768x793.jpg","type":"image\/jpeg"}],"twitter_card":"summary_large_image","twitter_misc":{"Est. reading time":"1 minute"},"schema":{"@context":"https:\/\/schema.org","@graph":[{"@type":"WebPage","@id":"https:\/\/www.decoforcurious.com\/en\/producto\/antique-patchwork-kutch-tapestry-india\/","url":"https:\/\/www.decoforcurious.com\/en\/producto\/antique-patchwork-kutch-tapestry-india\/","name":"Antique patchwork Kutch tapestry - Guyarat, India - Deco for Curious: antig\u00fcedades y muebles vintage","isPartOf":{"@id":"https:\/\/www.decoforcurious.com\/en\/#website"},"datePublished":"2023-06-02T09:35:04+00:00","dateModified":"2023-12-23T12:43:32+00:00","breadcrumb":{"@id":"https:\/\/www.decoforcurious.com\/en\/producto\/antique-patchwork-kutch-tapestry-india\/#breadcrumb"},"inLanguage":"en-US","potentialAction":[{"@type":"ReadAction","target":["https:\/\/www.decoforcurious.com\/en\/producto\/antique-patchwork-kutch-tapestry-india\/"]}]},{"@type":"BreadcrumbList","@id":"https:\/\/www.decoforcurious.com\/en\/producto\/antique-patchwork-kutch-tapestry-india\/#breadcrumb","itemListElement":[{"@type":"ListItem","position":1,"name":"Portada","item":"https:\/\/www.decoforcurious.com\/en\/deco-for-curious-antiques-and-vintage-furniture\/"},{"@type":"ListItem","position":2,"name":"Shop","item":"https:\/\/www.decoforcurious.com\/en\/shop\/"},{"@type":"ListItem","position":3,"name":"Antique patchwork Kutch tapestry &#8211; Guyarat, India"}]},{"@type":"WebSite","@id":"https:\/\/www.decoforcurious.com\/en\/#website","url":"https:\/\/www.decoforcurious.com\/en\/","name":"Deco for Curious: antig\u00fcedades y muebles vintage","description":"En Deco for Curious ofrecemos las mejores antig\u00fcedades, piezas vintage y arte. Cont\u00e1ctanos sin compromiso: barbara@decoforcurious.com","publisher":{"@id":"https:\/\/www.decoforcurious.com\/en\/#organization"},"potentialAction":[{"@type":"SearchAction","target":{"@type":"EntryPoint","urlTemplate":"https:\/\/www.decoforcurious.com\/en\/?s={search_term_string}"},"query-input":"required name=search_term_string"}],"inLanguage":"en-US"},{"@type":"Organization","@id":"https:\/\/www.decoforcurious.com\/en\/#organization","name":"Deco for Curious: antig\u00fcedades y muebles vintage","url":"https:\/\/www.decoforcurious.com\/en\/","logo":{"@type":"ImageObject","inLanguage":"en-US","@id":"https:\/\/www.decoforcurious.com\/en\/#\/schema\/logo\/image\/","url":"https:\/\/www.decoforcurious.com\/wp-content\/uploads\/2024\/02\/icono-menu.png","contentUrl":"https:\/\/www.decoforcurious.com\/wp-content\/uploads\/2024\/02\/icono-menu.png","width":16,"height":53,"caption":"Deco for Curious: antig\u00fcedades y muebles vintage"},"image":{"@id":"https:\/\/www.decoforcurious.com\/en\/#\/schema\/logo\/image\/"},"sameAs":["https:\/\/www.instagram.com\/deco_for_curious\/"]}]}},"_links":{"self":[{"href":"https:\/\/www.decoforcurious.com\/en\/wp-json\/wp\/v2\/product\/3661","targetHints":{"allow":["GET"]}}],"collection":[{"href":"https:\/\/www.decoforcurious.com\/en\/wp-json\/wp\/v2\/product"}],"about":[{"href":"https:\/\/www.decoforcurious.com\/en\/wp-json\/wp\/v2\/types\/product"}],"replies":[{"embeddable":true,"href":"https:\/\/www.decoforcurious.com\/en\/wp-json\/wp\/v2\/comments?post=3661"}],"wp:featuredmedia":[{"embeddable":true,"href":"https:\/\/www.decoforcurious.com\/en\/wp-json\/wp\/v2\/media\/3643"}],"wp:attachment":[{"href":"https:\/\/www.decoforcurious.com\/en\/wp-json\/wp\/v2\/media?parent=3661"}],"wp:term":[{"taxonomy":"product_cat","embeddable":true,"href":"https:\/\/www.decoforcurious.com\/en\/wp-json\/wp\/v2\/product_cat?post=3661"},{"taxonomy":"product_tag","embeddable":true,"href":"https:\/\/www.decoforcurious.com\/en\/wp-json\/wp\/v2\/product_tag?post=3661"}],"curies":[{"name":"wp","href":"https:\/\/api.w.org\/{rel}","templated":true}]}}