{"id":10854,"date":"2025-07-02T15:04:30","date_gmt":"2025-07-02T14:04:30","guid":{"rendered":"https:\/\/www.decoforcurious.com\/?post_type=product&#038;p=10854"},"modified":"2025-07-18T15:14:31","modified_gmt":"2025-07-18T14:14:31","slug":"child-mannequin-napoleon-iii-with-original-wooden-boots-19th-century","status":"publish","type":"product","link":"https:\/\/www.decoforcurious.com\/en\/producto\/child-mannequin-napoleon-iii-with-original-wooden-boots-19th-century\/","title":{"rendered":"Child mannequin NAPOLEON III with original wooden boots &#8211; 19th Century"},"content":{"rendered":"<p><strong>French rarity of 130 cm that stops time<\/strong><br \/>\nThey say that objects have no memory, but just look at his feet. The wooden boots are there, as solid as the time that has passed. This Napoleon III child mannequin is 130 cm tall and comes from a France of crinolines, daguerreotype portraits and pendulum clocks. He looks like he&#8217;s going to move or say \u201cbonjour\u201d at any moment.<\/p>\n<p>The original wooden boots -those little sculptures that keep him standing- are his anchor and his witness. The body shows the passage of time like a proud skin. The finish has that toasted tone of things well lived. There is no imposture here: only authenticity.<\/p>\n<p>Perfect for lovers of vintage decoration, collecting and antiques with soul. For those who believe that objects are not just objects, but capsules of history.<\/p>\n<p>Where would you place it? In the most unexpected corner of the living room? In a silent gallery? In that space you didn&#8217;t know you were saving for something like this?<\/p>\n<p>Check out our online store or stop by the store. Touch the story. See if he winks at you. Maybe this child has been waiting for you for a long time.<\/p>\n","protected":false},"excerpt":{"rendered":"<p>Antique Napoleon III child mannequin, with his original wooden boots and a story that sneaks in between the seams. France, 19th century. Unique.<\/p>\n<p><strong>Main characteristics:<\/strong><br \/>\nHeight: 130 cm<br \/>\nOrigin: France<br \/>\nPeriod: 19th Century<br \/>\nMaterial: Wood (original boots)<\/p>\n<p><strong>If you\u2019re having trouble completing your order online, need assistance, or simply prefer another purchasing method, don\u2019t worry! Write to us at barbara@decoforcurious.com or send us a message on WhatsApp +34 645 34 95 22, and we\u2019ll personally assist you to make your purchase quick and easy<\/strong><\/p>\n","protected":false},"featured_media":10828,"comment_status":"closed","ping_status":"closed","template":"","meta":[],"product_cat":[124,137],"product_tag":[],"class_list":{"0":"post-10854","1":"product","2":"type-product","3":"status-publish","4":"has-post-thumbnail","6":"product_cat-decoration","7":"product_cat-others-decoration","9":"first","10":"instock","11":"sold-individually","12":"purchasable","13":"product-type-simple"},"yoast_head":"<!-- This site is optimized with the Yoast SEO plugin v22.0 - https:\/\/yoast.com\/wordpress\/plugins\/seo\/ -->\n<title>Child mannequin NAPOLEON III with original wooden boots - 19th Century - Deco for Curious: antig\u00fcedades y muebles vintage<\/title>\n<meta name=\"description\" content=\"19th century Napoleon III boy mannequin with original wooden boots. French rarity for vintage decoration and authentic collecting.\" \/>\n<meta name=\"robots\" content=\"index, follow, max-snippet:-1, max-image-preview:large, max-video-preview:-1\" \/>\n<link rel=\"canonical\" href=\"https:\/\/www.decoforcurious.com\/en\/producto\/child-mannequin-napoleon-iii-with-original-wooden-boots-19th-century\/\" \/>\n<meta property=\"og:locale\" content=\"en_US\" \/>\n<meta property=\"og:type\" content=\"article\" \/>\n<meta property=\"og:title\" content=\"Child mannequin NAPOLEON III with original wooden boots - 19th Century - Deco for Curious: antig\u00fcedades y muebles vintage\" \/>\n<meta property=\"og:description\" content=\"19th century Napoleon III boy mannequin with original wooden boots. French rarity for vintage decoration and authentic collecting.\" \/>\n<meta property=\"og:url\" content=\"https:\/\/www.decoforcurious.com\/en\/producto\/child-mannequin-napoleon-iii-with-original-wooden-boots-19th-century\/\" \/>\n<meta property=\"og:site_name\" content=\"Deco for Curious: antig\u00fcedades y muebles vintage\" \/>\n<meta property=\"article:modified_time\" content=\"2025-07-18T14:14:31+00:00\" \/>\n<meta property=\"og:image\" content=\"https:\/\/www.decoforcurious.com\/wp-content\/uploads\/2025\/07\/maniqui-nino-napoleon-siglo-19.jpg\" \/>\n\t<meta property=\"og:image:width\" content=\"2142\" \/>\n\t<meta property=\"og:image:height\" content=\"2142\" \/>\n\t<meta property=\"og:image:type\" content=\"image\/jpeg\" \/>\n<meta name=\"twitter:card\" content=\"summary_large_image\" \/>\n<meta name=\"twitter:label1\" content=\"Est. reading time\" \/>\n\t<meta name=\"twitter:data1\" content=\"2 minutes\" \/>\n<script type=\"application\/ld+json\" class=\"yoast-schema-graph\">{\"@context\":\"https:\/\/schema.org\",\"@graph\":[{\"@type\":\"WebPage\",\"@id\":\"https:\/\/www.decoforcurious.com\/en\/producto\/child-mannequin-napoleon-iii-with-original-wooden-boots-19th-century\/\",\"url\":\"https:\/\/www.decoforcurious.com\/en\/producto\/child-mannequin-napoleon-iii-with-original-wooden-boots-19th-century\/\",\"name\":\"Child mannequin NAPOLEON III with original wooden boots - 19th Century - Deco for Curious: antig\u00fcedades y muebles vintage\",\"isPartOf\":{\"@id\":\"https:\/\/www.decoforcurious.com\/en\/#website\"},\"datePublished\":\"2025-07-02T14:04:30+00:00\",\"dateModified\":\"2025-07-18T14:14:31+00:00\",\"description\":\"19th century Napoleon III boy mannequin with original wooden boots. French rarity for vintage decoration and authentic collecting.\",\"breadcrumb\":{\"@id\":\"https:\/\/www.decoforcurious.com\/en\/producto\/child-mannequin-napoleon-iii-with-original-wooden-boots-19th-century\/#breadcrumb\"},\"inLanguage\":\"en-US\",\"potentialAction\":[{\"@type\":\"ReadAction\",\"target\":[\"https:\/\/www.decoforcurious.com\/en\/producto\/child-mannequin-napoleon-iii-with-original-wooden-boots-19th-century\/\"]}]},{\"@type\":\"BreadcrumbList\",\"@id\":\"https:\/\/www.decoforcurious.com\/en\/producto\/child-mannequin-napoleon-iii-with-original-wooden-boots-19th-century\/#breadcrumb\",\"itemListElement\":[{\"@type\":\"ListItem\",\"position\":1,\"name\":\"Portada\",\"item\":\"https:\/\/www.decoforcurious.com\/en\/deco-for-curious-antiques-and-vintage-furniture\/\"},{\"@type\":\"ListItem\",\"position\":2,\"name\":\"Shop\",\"item\":\"https:\/\/www.decoforcurious.com\/en\/shop\/\"},{\"@type\":\"ListItem\",\"position\":3,\"name\":\"Child mannequin NAPOLEON III with original wooden boots &#8211; 19th Century\"}]},{\"@type\":\"WebSite\",\"@id\":\"https:\/\/www.decoforcurious.com\/en\/#website\",\"url\":\"https:\/\/www.decoforcurious.com\/en\/\",\"name\":\"Deco for Curious: antig\u00fcedades y muebles vintage\",\"description\":\"En Deco for Curious ofrecemos las mejores antig\u00fcedades, piezas vintage y arte. Cont\u00e1ctanos sin compromiso: barbara@decoforcurious.com\",\"publisher\":{\"@id\":\"https:\/\/www.decoforcurious.com\/en\/#organization\"},\"potentialAction\":[{\"@type\":\"SearchAction\",\"target\":{\"@type\":\"EntryPoint\",\"urlTemplate\":\"https:\/\/www.decoforcurious.com\/en\/?s={search_term_string}\"},\"query-input\":\"required name=search_term_string\"}],\"inLanguage\":\"en-US\"},{\"@type\":\"Organization\",\"@id\":\"https:\/\/www.decoforcurious.com\/en\/#organization\",\"name\":\"Deco for Curious: antig\u00fcedades y muebles vintage\",\"url\":\"https:\/\/www.decoforcurious.com\/en\/\",\"logo\":{\"@type\":\"ImageObject\",\"inLanguage\":\"en-US\",\"@id\":\"https:\/\/www.decoforcurious.com\/en\/#\/schema\/logo\/image\/\",\"url\":\"https:\/\/www.decoforcurious.com\/wp-content\/uploads\/2024\/02\/icono-menu.png\",\"contentUrl\":\"https:\/\/www.decoforcurious.com\/wp-content\/uploads\/2024\/02\/icono-menu.png\",\"width\":16,\"height\":53,\"caption\":\"Deco for Curious: antig\u00fcedades y muebles vintage\"},\"image\":{\"@id\":\"https:\/\/www.decoforcurious.com\/en\/#\/schema\/logo\/image\/\"},\"sameAs\":[\"https:\/\/www.instagram.com\/deco_for_curious\/\"]}]}<\/script>\n<!-- \/ Yoast SEO plugin. -->","yoast_head_json":{"title":"Child mannequin NAPOLEON III with original wooden boots - 19th Century - Deco for Curious: antig\u00fcedades y muebles vintage","description":"19th century Napoleon III boy mannequin with original wooden boots. French rarity for vintage decoration and authentic collecting.","robots":{"index":"index","follow":"follow","max-snippet":"max-snippet:-1","max-image-preview":"max-image-preview:large","max-video-preview":"max-video-preview:-1"},"canonical":"https:\/\/www.decoforcurious.com\/en\/producto\/child-mannequin-napoleon-iii-with-original-wooden-boots-19th-century\/","og_locale":"en_US","og_type":"article","og_title":"Child mannequin NAPOLEON III with original wooden boots - 19th Century - Deco for Curious: antig\u00fcedades y muebles vintage","og_description":"19th century Napoleon III boy mannequin with original wooden boots. French rarity for vintage decoration and authentic collecting.","og_url":"https:\/\/www.decoforcurious.com\/en\/producto\/child-mannequin-napoleon-iii-with-original-wooden-boots-19th-century\/","og_site_name":"Deco for Curious: antig\u00fcedades y muebles vintage","article_modified_time":"2025-07-18T14:14:31+00:00","og_image":[{"width":2142,"height":2142,"url":"https:\/\/www.decoforcurious.com\/wp-content\/uploads\/2025\/07\/maniqui-nino-napoleon-siglo-19.jpg","type":"image\/jpeg"}],"twitter_card":"summary_large_image","twitter_misc":{"Est. reading time":"2 minutes"},"schema":{"@context":"https:\/\/schema.org","@graph":[{"@type":"WebPage","@id":"https:\/\/www.decoforcurious.com\/en\/producto\/child-mannequin-napoleon-iii-with-original-wooden-boots-19th-century\/","url":"https:\/\/www.decoforcurious.com\/en\/producto\/child-mannequin-napoleon-iii-with-original-wooden-boots-19th-century\/","name":"Child mannequin NAPOLEON III with original wooden boots - 19th Century - Deco for Curious: antig\u00fcedades y muebles vintage","isPartOf":{"@id":"https:\/\/www.decoforcurious.com\/en\/#website"},"datePublished":"2025-07-02T14:04:30+00:00","dateModified":"2025-07-18T14:14:31+00:00","description":"19th century Napoleon III boy mannequin with original wooden boots. French rarity for vintage decoration and authentic collecting.","breadcrumb":{"@id":"https:\/\/www.decoforcurious.com\/en\/producto\/child-mannequin-napoleon-iii-with-original-wooden-boots-19th-century\/#breadcrumb"},"inLanguage":"en-US","potentialAction":[{"@type":"ReadAction","target":["https:\/\/www.decoforcurious.com\/en\/producto\/child-mannequin-napoleon-iii-with-original-wooden-boots-19th-century\/"]}]},{"@type":"BreadcrumbList","@id":"https:\/\/www.decoforcurious.com\/en\/producto\/child-mannequin-napoleon-iii-with-original-wooden-boots-19th-century\/#breadcrumb","itemListElement":[{"@type":"ListItem","position":1,"name":"Portada","item":"https:\/\/www.decoforcurious.com\/en\/deco-for-curious-antiques-and-vintage-furniture\/"},{"@type":"ListItem","position":2,"name":"Shop","item":"https:\/\/www.decoforcurious.com\/en\/shop\/"},{"@type":"ListItem","position":3,"name":"Child mannequin NAPOLEON III with original wooden boots &#8211; 19th Century"}]},{"@type":"WebSite","@id":"https:\/\/www.decoforcurious.com\/en\/#website","url":"https:\/\/www.decoforcurious.com\/en\/","name":"Deco for Curious: antig\u00fcedades y muebles vintage","description":"En Deco for Curious ofrecemos las mejores antig\u00fcedades, piezas vintage y arte. Cont\u00e1ctanos sin compromiso: barbara@decoforcurious.com","publisher":{"@id":"https:\/\/www.decoforcurious.com\/en\/#organization"},"potentialAction":[{"@type":"SearchAction","target":{"@type":"EntryPoint","urlTemplate":"https:\/\/www.decoforcurious.com\/en\/?s={search_term_string}"},"query-input":"required name=search_term_string"}],"inLanguage":"en-US"},{"@type":"Organization","@id":"https:\/\/www.decoforcurious.com\/en\/#organization","name":"Deco for Curious: antig\u00fcedades y muebles vintage","url":"https:\/\/www.decoforcurious.com\/en\/","logo":{"@type":"ImageObject","inLanguage":"en-US","@id":"https:\/\/www.decoforcurious.com\/en\/#\/schema\/logo\/image\/","url":"https:\/\/www.decoforcurious.com\/wp-content\/uploads\/2024\/02\/icono-menu.png","contentUrl":"https:\/\/www.decoforcurious.com\/wp-content\/uploads\/2024\/02\/icono-menu.png","width":16,"height":53,"caption":"Deco for Curious: antig\u00fcedades y muebles vintage"},"image":{"@id":"https:\/\/www.decoforcurious.com\/en\/#\/schema\/logo\/image\/"},"sameAs":["https:\/\/www.instagram.com\/deco_for_curious\/"]}]}},"_links":{"self":[{"href":"https:\/\/www.decoforcurious.com\/en\/wp-json\/wp\/v2\/product\/10854","targetHints":{"allow":["GET"]}}],"collection":[{"href":"https:\/\/www.decoforcurious.com\/en\/wp-json\/wp\/v2\/product"}],"about":[{"href":"https:\/\/www.decoforcurious.com\/en\/wp-json\/wp\/v2\/types\/product"}],"replies":[{"embeddable":true,"href":"https:\/\/www.decoforcurious.com\/en\/wp-json\/wp\/v2\/comments?post=10854"}],"wp:featuredmedia":[{"embeddable":true,"href":"https:\/\/www.decoforcurious.com\/en\/wp-json\/wp\/v2\/media\/10828"}],"wp:attachment":[{"href":"https:\/\/www.decoforcurious.com\/en\/wp-json\/wp\/v2\/media?parent=10854"}],"wp:term":[{"taxonomy":"product_cat","embeddable":true,"href":"https:\/\/www.decoforcurious.com\/en\/wp-json\/wp\/v2\/product_cat?post=10854"},{"taxonomy":"product_tag","embeddable":true,"href":"https:\/\/www.decoforcurious.com\/en\/wp-json\/wp\/v2\/product_tag?post=10854"}],"curies":[{"name":"wp","href":"https:\/\/api.w.org\/{rel}","templated":true}]}}