{"id":1251,"date":"2022-05-13T06:10:13","date_gmt":"2022-05-13T06:10:13","guid":{"rendered":"https:\/\/www.decoforcurious.com\/my-account\/"},"modified":"2023-01-29T00:47:09","modified_gmt":"2023-01-29T00:47:09","slug":"my-account","status":"publish","type":"page","link":"https:\/\/www.decoforcurious.com\/en\/my-account\/","title":{"rendered":"My account"},"content":{"rendered":"<div class=\"woocommerce\"><\/div>\n","protected":false},"excerpt":{"rendered":"","protected":false},"author":1,"featured_media":0,"parent":0,"menu_order":0,"comment_status":"closed","ping_status":"closed","template":"","meta":{"footnotes":""},"class_list":["post-1251","page","type-page","status-publish","hentry"],"yoast_head":"<!-- This site is optimized with the Yoast SEO plugin v22.0 - https:\/\/yoast.com\/wordpress\/plugins\/seo\/ -->\n<title>My account - Deco for Curious: antig\u00fcedades y muebles vintage<\/title>\n<meta name=\"robots\" content=\"index, follow, max-snippet:-1, max-image-preview:large, max-video-preview:-1\" \/>\n<link rel=\"canonical\" href=\"https:\/\/www.decoforcurious.com\/en\/my-account\/\" \/>\n<meta property=\"og:locale\" content=\"en_US\" \/>\n<meta property=\"og:type\" content=\"article\" \/>\n<meta property=\"og:title\" content=\"My account - Deco for Curious: antig\u00fcedades y muebles vintage\" \/>\n<meta property=\"og:url\" content=\"https:\/\/www.decoforcurious.com\/en\/my-account\/\" \/>\n<meta property=\"og:site_name\" content=\"Deco for Curious: antig\u00fcedades y muebles vintage\" \/>\n<meta property=\"article:modified_time\" content=\"2023-01-29T00:47:09+00:00\" \/>\n<meta name=\"twitter:card\" content=\"summary_large_image\" \/>\n<script type=\"application\/ld+json\" class=\"yoast-schema-graph\">{\"@context\":\"https:\/\/schema.org\",\"@graph\":[{\"@type\":\"WebPage\",\"@id\":\"https:\/\/www.decoforcurious.com\/en\/my-account\/\",\"url\":\"https:\/\/www.decoforcurious.com\/en\/my-account\/\",\"name\":\"My account - Deco for Curious: antig\u00fcedades y muebles vintage\",\"isPartOf\":{\"@id\":\"https:\/\/www.decoforcurious.com\/en\/#website\"},\"datePublished\":\"2022-05-13T06:10:13+00:00\",\"dateModified\":\"2023-01-29T00:47:09+00:00\",\"breadcrumb\":{\"@id\":\"https:\/\/www.decoforcurious.com\/en\/my-account\/#breadcrumb\"},\"inLanguage\":\"en-US\",\"potentialAction\":[{\"@type\":\"ReadAction\",\"target\":[\"https:\/\/www.decoforcurious.com\/en\/my-account\/\"]}]},{\"@type\":\"BreadcrumbList\",\"@id\":\"https:\/\/www.decoforcurious.com\/en\/my-account\/#breadcrumb\",\"itemListElement\":[{\"@type\":\"ListItem\",\"position\":1,\"name\":\"Portada\",\"item\":\"https:\/\/www.decoforcurious.com\/en\/deco-for-curious-antiques-and-vintage-furniture\/\"},{\"@type\":\"ListItem\",\"position\":2,\"name\":\"My account\"}]},{\"@type\":\"WebSite\",\"@id\":\"https:\/\/www.decoforcurious.com\/en\/#website\",\"url\":\"https:\/\/www.decoforcurious.com\/en\/\",\"name\":\"Deco for Curious: antig\u00fcedades y muebles vintage\",\"description\":\"En Deco for Curious ofrecemos las mejores antig\u00fcedades, piezas vintage y arte. Cont\u00e1ctanos sin compromiso: barbara@decoforcurious.com\",\"publisher\":{\"@id\":\"https:\/\/www.decoforcurious.com\/en\/#organization\"},\"potentialAction\":[{\"@type\":\"SearchAction\",\"target\":{\"@type\":\"EntryPoint\",\"urlTemplate\":\"https:\/\/www.decoforcurious.com\/en\/?s={search_term_string}\"},\"query-input\":\"required name=search_term_string\"}],\"inLanguage\":\"en-US\"},{\"@type\":\"Organization\",\"@id\":\"https:\/\/www.decoforcurious.com\/en\/#organization\",\"name\":\"Deco for Curious: antig\u00fcedades y muebles vintage\",\"url\":\"https:\/\/www.decoforcurious.com\/en\/\",\"logo\":{\"@type\":\"ImageObject\",\"inLanguage\":\"en-US\",\"@id\":\"https:\/\/www.decoforcurious.com\/en\/#\/schema\/logo\/image\/\",\"url\":\"https:\/\/www.decoforcurious.com\/wp-content\/uploads\/2024\/02\/icono-menu.png\",\"contentUrl\":\"https:\/\/www.decoforcurious.com\/wp-content\/uploads\/2024\/02\/icono-menu.png\",\"width\":16,\"height\":53,\"caption\":\"Deco for Curious: antig\u00fcedades y muebles vintage\"},\"image\":{\"@id\":\"https:\/\/www.decoforcurious.com\/en\/#\/schema\/logo\/image\/\"},\"sameAs\":[\"https:\/\/www.instagram.com\/deco_for_curious\/\"]}]}<\/script>\n<!-- \/ Yoast SEO plugin. -->","yoast_head_json":{"title":"My account - Deco for Curious: antig\u00fcedades y muebles vintage","robots":{"index":"index","follow":"follow","max-snippet":"max-snippet:-1","max-image-preview":"max-image-preview:large","max-video-preview":"max-video-preview:-1"},"canonical":"https:\/\/www.decoforcurious.com\/en\/my-account\/","og_locale":"en_US","og_type":"article","og_title":"My account - Deco for Curious: antig\u00fcedades y muebles vintage","og_url":"https:\/\/www.decoforcurious.com\/en\/my-account\/","og_site_name":"Deco for Curious: antig\u00fcedades y muebles vintage","article_modified_time":"2023-01-29T00:47:09+00:00","twitter_card":"summary_large_image","schema":{"@context":"https:\/\/schema.org","@graph":[{"@type":"WebPage","@id":"https:\/\/www.decoforcurious.com\/en\/my-account\/","url":"https:\/\/www.decoforcurious.com\/en\/my-account\/","name":"My account - Deco for Curious: antig\u00fcedades y muebles vintage","isPartOf":{"@id":"https:\/\/www.decoforcurious.com\/en\/#website"},"datePublished":"2022-05-13T06:10:13+00:00","dateModified":"2023-01-29T00:47:09+00:00","breadcrumb":{"@id":"https:\/\/www.decoforcurious.com\/en\/my-account\/#breadcrumb"},"inLanguage":"en-US","potentialAction":[{"@type":"ReadAction","target":["https:\/\/www.decoforcurious.com\/en\/my-account\/"]}]},{"@type":"BreadcrumbList","@id":"https:\/\/www.decoforcurious.com\/en\/my-account\/#breadcrumb","itemListElement":[{"@type":"ListItem","position":1,"name":"Portada","item":"https:\/\/www.decoforcurious.com\/en\/deco-for-curious-antiques-and-vintage-furniture\/"},{"@type":"ListItem","position":2,"name":"My account"}]},{"@type":"WebSite","@id":"https:\/\/www.decoforcurious.com\/en\/#website","url":"https:\/\/www.decoforcurious.com\/en\/","name":"Deco for Curious: antig\u00fcedades y muebles vintage","description":"En Deco for Curious ofrecemos las mejores antig\u00fcedades, piezas vintage y arte. Cont\u00e1ctanos sin compromiso: barbara@decoforcurious.com","publisher":{"@id":"https:\/\/www.decoforcurious.com\/en\/#organization"},"potentialAction":[{"@type":"SearchAction","target":{"@type":"EntryPoint","urlTemplate":"https:\/\/www.decoforcurious.com\/en\/?s={search_term_string}"},"query-input":"required name=search_term_string"}],"inLanguage":"en-US"},{"@type":"Organization","@id":"https:\/\/www.decoforcurious.com\/en\/#organization","name":"Deco for Curious: antig\u00fcedades y muebles vintage","url":"https:\/\/www.decoforcurious.com\/en\/","logo":{"@type":"ImageObject","inLanguage":"en-US","@id":"https:\/\/www.decoforcurious.com\/en\/#\/schema\/logo\/image\/","url":"https:\/\/www.decoforcurious.com\/wp-content\/uploads\/2024\/02\/icono-menu.png","contentUrl":"https:\/\/www.decoforcurious.com\/wp-content\/uploads\/2024\/02\/icono-menu.png","width":16,"height":53,"caption":"Deco for Curious: antig\u00fcedades y muebles vintage"},"image":{"@id":"https:\/\/www.decoforcurious.com\/en\/#\/schema\/logo\/image\/"},"sameAs":["https:\/\/www.instagram.com\/deco_for_curious\/"]}]}},"_links":{"self":[{"href":"https:\/\/www.decoforcurious.com\/en\/wp-json\/wp\/v2\/pages\/1251","targetHints":{"allow":["GET"]}}],"collection":[{"href":"https:\/\/www.decoforcurious.com\/en\/wp-json\/wp\/v2\/pages"}],"about":[{"href":"https:\/\/www.decoforcurious.com\/en\/wp-json\/wp\/v2\/types\/page"}],"author":[{"embeddable":true,"href":"https:\/\/www.decoforcurious.com\/en\/wp-json\/wp\/v2\/users\/1"}],"replies":[{"embeddable":true,"href":"https:\/\/www.decoforcurious.com\/en\/wp-json\/wp\/v2\/comments?post=1251"}],"version-history":[{"count":6,"href":"https:\/\/www.decoforcurious.com\/en\/wp-json\/wp\/v2\/pages\/1251\/revisions"}],"predecessor-version":[{"id":1751,"href":"https:\/\/www.decoforcurious.com\/en\/wp-json\/wp\/v2\/pages\/1251\/revisions\/1751"}],"wp:attachment":[{"href":"https:\/\/www.decoforcurious.com\/en\/wp-json\/wp\/v2\/media?parent=1251"}],"curies":[{"name":"wp","href":"https:\/\/api.w.org\/{rel}","templated":true}]}}